{"id":325,"date":"2022-05-06T17:20:17","date_gmt":"2022-05-06T23:20:17","guid":{"rendered":"https:\/\/prismtool.org\/sobre-nosotros\/"},"modified":"2023-06-14T12:20:11","modified_gmt":"2023-06-14T18:20:11","slug":"sobre-nosotros","status":"publish","type":"page","link":"https:\/\/prismtool.org\/es\/sobre-nosotros\/","title":{"rendered":"Sobre nosotros"},"content":{"rendered":"<div class=\"wpb-content-wrapper\"><p>[vc_row][vc_column width=&#8221;1\/1&#8243;][vc_column_text]<\/p>\n<h1 style=\"text-align: center;\"><strong>SOBRE NOSOTROS<\/strong><\/h1>\n<p>[\/vc_column_text]<div class=\"spacer\" style=\"height: 40px;\"><\/div>[\/vc_column][\/vc_row][vc_row][vc_column width=&#8221;1\/1&#8243;][vc_column_text]<\/p>\n<h2>Nuestro Equipo<\/h2>\n<h4>UC San Diego And University of Colorado Denver<\/h4>\n<p>[\/vc_column_text][vc_column_text]Borsika Rabin, PharmD, PhD, MPH, Project lead[\/vc_column_text]<div class=\"spacer\" style=\"height: 20px;\"><\/div>[vc_column_text]<\/p>\n<h4>University of Colorado Denver<\/h4>\n<p>[\/vc_column_text][vc_column_text]Katy Trinkley, PharmD, PhD, Co-Project lead<br \/>\nRuss Glasgow, PhD<br \/>\nAmy Huebschmann, MD, MSPH<br \/>\nBryan Ford, MPH[\/vc_column_text]<div class=\"spacer\" style=\"height: 40px;\"><\/div>[vc_column_text el_id=&#8221;funding&#8221;]<\/p>\n<h4>Los Fondos<\/h4>\n<p>[\/vc_column_text][vc_column_text]<\/p>\n<ul type=\"disc\">\n<li class=\"m_1579749896016875549m3054038187954659306msolistparagraph\">Colorado Implementation Science Center for Cancer Control (NIH\/NCI award P50CA244688)<u><\/u><u><\/u><\/li>\n<li class=\"m_1579749896016875549m3054038187954659306msolistparagraph\">ACCORDS Dissemination and Implementation Science Program at the University of Colorado Denver<u><\/u><u><\/u><\/li>\n<li class=\"m_1579749896016875549m3054038187954659306msolistparagraph\">Consortium for Cancer Implementations Science (Un esfuerzo p\u00fablico en el que los investigadores de Cancer Moonshot, as\u00ed como otros investigadores y profesionales, trabajan juntos para abordar desaf\u00edos clave y avanzar en la agenda cient\u00edfica de implementaci\u00f3n en el c\u00e1ncer.)<u><\/u><u><\/u><\/li>\n<li class=\"m_1579749896016875549m3054038187954659306msolistparagraph\">IMPlementation to Achieve Clinical Transformation (NIH\/NHLBI award K12HL137862)<\/li>\n<li>Colorado Pragmatic Research in Health Conference (COPRH Con)<\/li>\n<\/ul>\n<p>[\/vc_column_text][\/vc_column][\/vc_row]<\/p>\n<\/div>","protected":false},"excerpt":{"rendered":"<p>[vc_row][vc_column width=&#8221;1\/1&#8243;][vc_column_text] SOBRE NOSOTROS [\/vc_column_text][\/vc_column][\/vc_row][vc_row][vc_column width=&#8221;1\/1&#8243;][vc_column_text] Nuestro Equipo UC San Diego And University of Colorado Denver [\/vc_column_text][vc_column_text]Borsika Rabin, PharmD, PhD, MPH, Project lead[\/vc_column_text][vc_column_text] University of Colorado Denver [\/vc_column_text][vc_column_text]Katy Trinkley, PharmD, PhD, Co-Project lead Russ Glasgow, PhD Amy Huebschmann, MD, MSPH Bryan Ford, MPH[\/vc_column_text][vc_column_text el_id=&#8221;funding&#8221;] Los Fondos [\/vc_column_text][vc_column_text] Colorado Implementation Science Center for Cancer Control (NIH\/NCI award P50CA244688) ACCORDS Dissemination and Implementation Science Program at the University of Colorado Denver Consortium for Cancer Implementations Science (Un esfuerzo p\u00fablico en el que los investigadores de Cancer Moonshot, as\u00ed como otros investigadores y profesionales, trabajan juntos para abordar desaf\u00edos clave y avanzar en la agenda cient\u00edfica de implementaci\u00f3n en el c\u00e1ncer.) IMPlementation to Achieve Clinical Transformation (NIH\/NHLBI award K12HL137862) Colorado Pragmatic Research in Health Conference (COPRH Con) [\/vc_column_text][\/vc_column][\/vc_row]<\/p>\n","protected":false},"author":3,"featured_media":0,"parent":0,"menu_order":0,"comment_status":"closed","ping_status":"closed","template":"","meta":{"_acf_changed":false,"_lmt_disableupdate":"","_lmt_disable":"","footnotes":""},"class_list":["post-325","page","type-page","status-publish","hentry"],"acf":[],"_links":{"self":[{"href":"https:\/\/prismtool.org\/es\/wp-json\/wp\/v2\/pages\/325","targetHints":{"allow":["GET"]}}],"collection":[{"href":"https:\/\/prismtool.org\/es\/wp-json\/wp\/v2\/pages"}],"about":[{"href":"https:\/\/prismtool.org\/es\/wp-json\/wp\/v2\/types\/page"}],"author":[{"embeddable":true,"href":"https:\/\/prismtool.org\/es\/wp-json\/wp\/v2\/users\/3"}],"replies":[{"embeddable":true,"href":"https:\/\/prismtool.org\/es\/wp-json\/wp\/v2\/comments?post=325"}],"version-history":[{"count":10,"href":"https:\/\/prismtool.org\/es\/wp-json\/wp\/v2\/pages\/325\/revisions"}],"predecessor-version":[{"id":771,"href":"https:\/\/prismtool.org\/es\/wp-json\/wp\/v2\/pages\/325\/revisions\/771"}],"wp:attachment":[{"href":"https:\/\/prismtool.org\/es\/wp-json\/wp\/v2\/media?parent=325"}],"curies":[{"name":"wp","href":"https:\/\/api.w.org\/{rel}","templated":true}]}}