{"id":331,"date":"2022-05-09T22:54:44","date_gmt":"2022-05-10T04:54:44","guid":{"rendered":"https:\/\/prismtool.org\/comencemos\/"},"modified":"2023-07-24T13:54:03","modified_gmt":"2023-07-24T19:54:03","slug":"comencemos-old","status":"publish","type":"page","link":"https:\/\/prismtool.org\/es\/comencemos-old\/","title":{"rendered":"Comencemos"},"content":{"rendered":"<div class=\"wpb-content-wrapper\"><p>[vc_section full_width=&#8221;stretch_row&#8221;][vc_row bottom_padding=&#8221;30&#8243;][vc_column width=&#8221;1\/1&#8243;][vc_column_text]<\/p>\n<h2 style=\"text-align: center;\">Comencemos<\/h2>\n<p>[\/vc_column_text][\/vc_column][\/vc_row][vc_row][vc_column width=&#8221;1\/4&#8243;][\/vc_column][vc_column width=&#8221;3\/4&#8243;][vc_column_text]<\/p>\n<h3>4 pasos para completar la herramienta de evaluaci\u00f3n PRISM<\/h3>\n<p style=\"padding-left: 40px;\"><strong>Paso 1:<\/strong> Indique si est\u00e1 completando de manera individual o como miembro de un equipo<br \/>\n<strong>Paso 2:<\/strong> Responda algunas preguntas acerca de su programa<br \/>\n<strong>Paso 3:<\/strong> Repase sus resultados<br \/>\n<strong>Paso 4:<\/strong> Identifique y priorice estrategias para mejorar el \u00e9xito de implementaci\u00f3n de su programa<\/p>\n<p>[\/vc_column_text]<div class=\"spacer\" style=\"height: 40px;\"><\/div>[vc_row_inner][vc_column_inner width=&#8221;1\/6&#8243;][\/vc_column_inner][vc_column_inner width=&#8221;1\/3&#8243;]<a href=\"\/getting-started\/individual-or-a-team-member\/\" target=\"_self\" class=\"button color-1 full start-assessment-button\" style=\"border-radius: 2px;\">Comenzar la evaluaci\u00f3n<\/a>[\/vc_column_inner][vc_column_inner width=&#8221;3\/6&#8243;][\/vc_column_inner][\/vc_row_inner][\/vc_column][\/vc_row][\/vc_section][vc_section][vc_row text_align=&#8221;center&#8221; top_padding=&#8221;40&#8243; bottom_padding=&#8221;40&#8243;][vc_column width=&#8221;1\/1&#8243;][vc_column_text]Se calcula que se necesitar\u00e1n 30 minutos para responder las preguntas, recibir comentarios y reflexionar sobre ellos y hacer planes sobre c\u00f3mo abordar el contexto.<br \/>\nUna vez que comience, puede guardar su progreso y continuar en otro momento con el enlace \u00fanico que le enviamos por correo electr\u00f3nico.<br \/>\nTambi\u00e9n podr\u00e1 imprimir y\/o descargar sus respuestas y resultados al final.[\/vc_column_text][\/vc_column][\/vc_row][vc_row bottom_padding=&#8221;60&#8243;][vc_column width=&#8221;1\/4&#8243;][\/vc_column][vc_column width=&#8221;1\/2&#8243;][vc_column_text]<\/p>\n<h4>Vea nuestro video sobre c\u00f3mo comenzar<\/h4>\n<p>[\/vc_column_text]<div class=\"spacer\" style=\"height: 20px;\"><\/div>[vc_video link=&#8221;https:\/\/youtu.be\/WRhiTl3LD8E&#8221; align=&#8221;center&#8221;][\/vc_column][vc_column width=&#8221;1\/4&#8243;][\/vc_column][\/vc_row][\/vc_section]<\/p>\n<\/div>","protected":false},"excerpt":{"rendered":"<p>[vc_section full_width=&#8221;stretch_row&#8221;][vc_row bottom_padding=&#8221;30&#8243;][vc_column width=&#8221;1\/1&#8243;][vc_column_text] Comencemos [\/vc_column_text][\/vc_column][\/vc_row][vc_row][vc_column width=&#8221;1\/4&#8243;][\/vc_column][vc_column width=&#8221;3\/4&#8243;][vc_column_text] 4 pasos para completar la herramienta de evaluaci\u00f3n PRISM Paso 1: Indique si est\u00e1 completando de manera individual o como miembro de un equipo Paso 2: Responda algunas preguntas acerca de su programa Paso 3: Repase sus resultados Paso 4: Identifique y priorice estrategias para mejorar el \u00e9xito de implementaci\u00f3n de su programa [\/vc_column_text][vc_row_inner][vc_column_inner width=&#8221;1\/6&#8243;][\/vc_column_inner][vc_column_inner width=&#8221;1\/3&#8243;][\/vc_column_inner][vc_column_inner width=&#8221;3\/6&#8243;][\/vc_column_inner][\/vc_row_inner][\/vc_column][\/vc_row][\/vc_section][vc_section][vc_row text_align=&#8221;center&#8221; top_padding=&#8221;40&#8243; bottom_padding=&#8221;40&#8243;][vc_column width=&#8221;1\/1&#8243;][vc_column_text]Se calcula que se necesitar\u00e1n 30 minutos para responder las preguntas, recibir comentarios y reflexionar sobre ellos y hacer planes sobre c\u00f3mo abordar el contexto. Una vez que comience, puede guardar su progreso y continuar en otro momento con el enlace \u00fanico que le enviamos por correo electr\u00f3nico. Tambi\u00e9n podr\u00e1 imprimir y\/o descargar sus respuestas y resultados al final.[\/vc_column_text][\/vc_column][\/vc_row][vc_row bottom_padding=&#8221;60&#8243;][vc_column width=&#8221;1\/4&#8243;][\/vc_column][vc_column width=&#8221;1\/2&#8243;][vc_column_text] Vea nuestro video sobre c\u00f3mo comenzar [\/vc_column_text][vc_video link=&#8221;https:\/\/youtu.be\/WRhiTl3LD8E&#8221; align=&#8221;center&#8221;][\/vc_column][vc_column width=&#8221;1\/4&#8243;][\/vc_column][\/vc_row][\/vc_section]<\/p>\n","protected":false},"author":3,"featured_media":0,"parent":0,"menu_order":0,"comment_status":"closed","ping_status":"closed","template":"","meta":{"_acf_changed":false,"_lmt_disableupdate":"no","_lmt_disable":"","footnotes":""},"class_list":["post-331","page","type-page","status-publish","hentry"],"acf":[],"_links":{"self":[{"href":"https:\/\/prismtool.org\/es\/wp-json\/wp\/v2\/pages\/331","targetHints":{"allow":["GET"]}}],"collection":[{"href":"https:\/\/prismtool.org\/es\/wp-json\/wp\/v2\/pages"}],"about":[{"href":"https:\/\/prismtool.org\/es\/wp-json\/wp\/v2\/types\/page"}],"author":[{"embeddable":true,"href":"https:\/\/prismtool.org\/es\/wp-json\/wp\/v2\/users\/3"}],"replies":[{"embeddable":true,"href":"https:\/\/prismtool.org\/es\/wp-json\/wp\/v2\/comments?post=331"}],"version-history":[{"count":18,"href":"https:\/\/prismtool.org\/es\/wp-json\/wp\/v2\/pages\/331\/revisions"}],"predecessor-version":[{"id":789,"href":"https:\/\/prismtool.org\/es\/wp-json\/wp\/v2\/pages\/331\/revisions\/789"}],"wp:attachment":[{"href":"https:\/\/prismtool.org\/es\/wp-json\/wp\/v2\/media?parent=331"}],"curies":[{"name":"wp","href":"https:\/\/api.w.org\/{rel}","templated":true}]}}