{"id":337,"date":"2022-05-05T19:08:42","date_gmt":"2022-05-06T01:08:42","guid":{"rendered":"https:\/\/prismtool.org\/home-page\/"},"modified":"2023-04-24T15:46:21","modified_gmt":"2023-04-24T21:46:21","slug":"home-page","status":"publish","type":"page","link":"https:\/\/prismtool.org\/es\/home-page\/","title":{"rendered":"Home Page"},"content":{"rendered":"<div class=\"wpb-content-wrapper\"><p>[vc_section full_width=&#8221;stretch_row&#8221; content_placement=&#8221;top&#8221; css=&#8221;.vc_custom_1651853696188{background-color: #e5d6b6 !important;}&#8221; el_id=&#8221;heroSection&#8221;][vc_row type=&#8221;full_width_section&#8221;][vc_column width=&#8221;1\/1&#8243;]\n\t\t\t<!-- START Home Page Spanish Old REVOLUTION SLIDER 6.7.37 --><p class=\"rs-p-wp-fix\"><\/p>\n\t\t\t<rs-module-wrap id=\"rev_slider_4_1_wrapper\" data-source=\"gallery\" style=\"visibility:hidden;background:transparent;padding:0;margin:0px auto;margin-top:0;margin-bottom:0;\">\n\t\t\t\t<rs-module id=\"rev_slider_4_1\" style=\"\" data-version=\"6.7.37\">\n\t\t\t\t\t<rs-slides style=\"overflow: hidden; position: absolute;\">\n\t\t\t\t\t\t<rs-slide style=\"position: absolute;\" data-key=\"rs-9\" data-title=\"Slide\" data-anim=\"adpr:false;\" data-in=\"o:0;\" data-out=\"a:false;\">\n\t\t\t\t\t\t\t<img decoding=\"async\" src=\"\/\/prismtool.org\/wp-content\/plugins\/revslider\/sr6\/assets\/assets\/dummy.png\" alt=\"Slide\" title=\"Home Page\" class=\"rev-slidebg tp-rs-img rs-lazyload\" data-lazyload=\"\/\/prismtool.org\/wp-content\/plugins\/revslider\/sr6\/assets\/assets\/transparent.png\" data-bg=\"c:#e5d6b7;\" data-no-retina>\n<!--\n\t\t\t\t\t\t\t--><rs-layer\n\t\t\t\t\t\t\t\tid=\"slider-4-slide-9-layer-0\" \n\t\t\t\t\t\t\t\tdata-type=\"image\"\n\t\t\t\t\t\t\t\tdata-rsp_ch=\"on\"\n\t\t\t\t\t\t\t\tdata-xy=\"x:r;y:b;\"\n\t\t\t\t\t\t\t\tdata-text=\"w:normal;\"\n\t\t\t\t\t\t\t\tdata-dim=\"w:1100px;h:292px;\"\n\t\t\t\t\t\t\t\tdata-frame_0=\"x:right;\"\n\t\t\t\t\t\t\t\tdata-frame_1=\"st:270;sp:1000;sR:270;\"\n\t\t\t\t\t\t\t\tdata-frame_999=\"o:0;st:w;sR:7730;\"\n\t\t\t\t\t\t\t\tstyle=\"z-index:8;\"\n\t\t\t\t\t\t\t><img decoding=\"async\" src=\"\/\/prismtool.org\/wp-content\/plugins\/revslider\/sr6\/assets\/assets\/dummy.png\" alt=\"\" class=\"tp-rs-img rs-lazyload\" width=\"2021\" height=\"537\" data-lazyload=\"\/\/prismtool.org\/wp-content\/uploads\/2022\/05\/hero-image-4.png\" data-no-retina> \n\t\t\t\t\t\t\t<\/rs-layer><!--\n\n\t\t\t\t\t\t\t--><rs-layer\n\t\t\t\t\t\t\t\tid=\"slider-4-slide-9-layer-1\" \n\t\t\t\t\t\t\t\tdata-type=\"text\"\n\t\t\t\t\t\t\t\tdata-color=\"#000000\"\n\t\t\t\t\t\t\t\tdata-rsp_ch=\"on\"\n\t\t\t\t\t\t\t\tdata-xy=\"x:30px;y:23px;\"\n\t\t\t\t\t\t\t\tdata-text=\"w:normal;s:30;l:30;fw:700;a:inherit;\"\n\t\t\t\t\t\t\t\tdata-dim=\"w:40%;\"\n\t\t\t\t\t\t\t\tdata-frame_0=\"x:-50;\"\n\t\t\t\t\t\t\t\tdata-frame_1=\"st:480;sp:1000;sR:480;\"\n\t\t\t\t\t\t\t\tdata-frame_999=\"o:0;st:w;sR:7520;\"\n\t\t\t\t\t\t\t\tstyle=\"z-index:9;font-family:'IBM Plex Sans';\"\n\t\t\t\t\t\t\t>iPRISM Webtool \n\t\t\t\t\t\t\t<\/rs-layer><!--\n\n\t\t\t\t\t\t\t--><rs-layer\n\t\t\t\t\t\t\t\tid=\"slider-4-slide-9-layer-2\" \n\t\t\t\t\t\t\t\tdata-type=\"text\"\n\t\t\t\t\t\t\t\tdata-color=\"#000000\"\n\t\t\t\t\t\t\t\tdata-rsp_ch=\"on\"\n\t\t\t\t\t\t\t\tdata-xy=\"x:30px;y:60px;\"\n\t\t\t\t\t\t\t\tdata-text=\"w:normal;s:19;a:inherit;\"\n\t\t\t\t\t\t\t\tdata-dim=\"w:650px;\"\n\t\t\t\t\t\t\t\tdata-frame_0=\"x:-50;\"\n\t\t\t\t\t\t\t\tdata-frame_1=\"st:480;sp:1000;sR:480;\"\n\t\t\t\t\t\t\t\tdata-frame_999=\"o:0;st:w;sR:7520;\"\n\t\t\t\t\t\t\t\tstyle=\"z-index:11;font-family:'IBM Plex Sans';\"\n\t\t\t\t\t\t\t>Utilice esta herramienta de forma interactiva para evaluar el contexto y la adecuaci\u00f3n de su programa durante la planificaci\u00f3n, la implementaci\u00f3n y el mantenimiento en contextos reales \n\t\t\t\t\t\t\t<\/rs-layer><!--\n\n\t\t\t\t\t\t\t--><a\n\t\t\t\t\t\t\t\tid=\"slider-4-slide-9-layer-3\" \n\t\t\t\t\t\t\t\tclass=\"rs-layer rev-btn\"\n\t\t\t\t\t\t\t\thref=\"\/es\/comencemos\/\" target=\"_self\"\n\t\t\t\t\t\t\t\tdata-type=\"button\"\n\t\t\t\t\t\t\t\tdata-color=\"#ffffff\"\n\t\t\t\t\t\t\t\tdata-rsp_ch=\"on\"\n\t\t\t\t\t\t\t\tdata-xy=\"x:109px;y:140px;\"\n\t\t\t\t\t\t\t\tdata-text=\"w:normal;l:55;fw:500;\"\n\t\t\t\t\t\t\t\tdata-dim=\"minh:0px;\"\n\t\t\t\t\t\t\t\tdata-padding=\"t:5;r:40;b:5;l:40;\"\n\t\t\t\t\t\t\t\tdata-border=\"bor:6px,6px,6px,6px;\"\n\t\t\t\t\t\t\t\tdata-frame_0=\"x:-50;\"\n\t\t\t\t\t\t\t\tdata-frame_1=\"st:480;sp:1000;sR:480;\"\n\t\t\t\t\t\t\t\tdata-frame_999=\"o:0;st:w;sR:7520;\"\n\t\t\t\t\t\t\t\tdata-frame_hover=\"bgc:#007aff;bor:8px,8px,8px,8px;sp:100;e:power1.inOut;bri:120%;\"\n\t\t\t\t\t\t\t\tstyle=\"z-index:12;background-color:#1f75bc;font-family:'IBM Plex Sans';\"\n\t\t\t\t\t\t\t>Comience Aqu\u00ed <i class=\"fa-chevron-right\"><\/i> \n\t\t\t\t\t\t\t<\/a><!--\n\n\t\t\t\t\t\t\t--><rs-layer\n\t\t\t\t\t\t\t\tid=\"slider-4-slide-9-layer-4\" \n\t\t\t\t\t\t\t\tdata-type=\"text\"\n\t\t\t\t\t\t\t\tdata-color=\"#000000\"\n\t\t\t\t\t\t\t\tdata-rsp_ch=\"on\"\n\t\t\t\t\t\t\t\tdata-xy=\"x:30px;y:208px;\"\n\t\t\t\t\t\t\t\tdata-text=\"w:normal;s:19;a:inherit;\"\n\t\t\t\t\t\t\t\tdata-dim=\"w:653px;\"\n\t\t\t\t\t\t\t\tdata-frame_0=\"x:-50;\"\n\t\t\t\t\t\t\t\tdata-frame_1=\"st:480;sp:1000;sR:480;\"\n\t\t\t\t\t\t\t\tdata-frame_999=\"o:0;st:w;sR:7520;\"\n\t\t\t\t\t\t\t\tstyle=\"z-index:10;font-family:'IBM Plex Sans';\"\n\t\t\t\t\t\t\t>Puede elegir completarla de manera individual o en equipo, o bien agruparse en equipo despu\u00e9s de completar individualmente la herramienta para comparar y discutir \n\t\t\t\t\t\t\t<\/rs-layer><!--\n-->\t\t\t\t\t<\/rs-slide>\n\t\t\t\t\t<\/rs-slides>\n\t\t\t\t<\/rs-module>\n\t\t\t\t<script>\n\t\t\t\t\tsetREVStartSize({c: 'rev_slider_4_1',rl:[1240,1024,778,480],el:[300],gw:[1240],gh:[300],type:'standard',justify:'',layout:'fullwidth',mh:\"0\"});if (window.RS_MODULES!==undefined && window.RS_MODULES.modules!==undefined && window.RS_MODULES.modules[\"revslider41\"]!==undefined) {window.RS_MODULES.modules[\"revslider41\"].once = false;window.revapi4 = undefined;if (window.RS_MODULES.checkMinimal!==undefined) window.RS_MODULES.checkMinimal()}\n\t\t\t\t<\/script>\n\t\t\t<\/rs-module-wrap>\n\t\t\t<!-- END REVOLUTION SLIDER -->\n[\/vc_column][\/vc_row][\/vc_section][vc_section full_width=&#8221;stretch_row&#8221;][vc_row top_padding=&#8221;30&#8243;][vc_column width=&#8221;1\/1&#8243;][vc_column_text]<\/p>\n<h2>Qu\u00e9 esperar:<\/h2>\n<ul>\n<li>Al responder una serie de preguntas, esta herramienta le gu\u00eda para identificar estrategias para optimizar la adecuaci\u00f3n de su programa con su contexto<\/li>\n<li>Al final se le entregar\u00e1 una copia personalizada con sus respuestas y un plan de acci\u00f3n para afianzar su programa<\/li>\n<li>Los datos introducidos solo se guardar\u00e1n en conjunto y no se compartir\u00e1n con nadie<\/li>\n<\/ul>\n<p>[\/vc_column_text][\/vc_column][\/vc_row][vc_row top_padding=&#8221;30&#8243; bottom_padding=&#8221;30&#8243;][vc_column column_padding=&#8221;custom-padding&#8221; column_custompadding=&#8221;0px 30px 0px 30px&#8221; width=&#8221;1\/1&#8243;][vc_column_text]<\/p>\n<h2 style=\"text-align: center;\">PRISM (Modelo Pragm\u00e1tico y Robusto de Implementaci\u00f3n y Sostenibilidad)<\/h2>\n<p>[\/vc_column_text]<div class=\"spacer\" style=\"height: 20px;\"><\/div><div class=\"single_image wpb_content_element align-center    \" data-animation=\"none\" data-delay=\"0\"><img loading=\"lazy\" decoding=\"async\" width=\"960\" height=\"334\" src=\"https:\/\/prismtool.org\/wp-content\/uploads\/2022\/09\/PRISM_horizontal_highrez_new_path-1.svg\" class=\"attachment-full\" alt=\"\" title=\"PRISM_horizontal_highrez_new_path\" \/><\/div><div class=\"spacer\" style=\"height: 40px;\"><\/div>[vc_column_text]<\/p>\n<p style=\"text-align: center;\"><a href=\"https:\/\/prismtool.org\/es\/acerca-del-iprism-webtool\/\">M\u00e1s informaci\u00f3n sobre el iPRISM Webtool<\/a><\/p>\n<p style=\"text-align: center;\"><a href=\"https:\/\/re-aim.org\/learn\/prism\/\" target=\"_blank\" rel=\"noopener\">M\u00e1s informaci\u00f3n sobre PRISM<\/a><\/p>\n<p>[\/vc_column_text][\/vc_column][\/vc_row][\/vc_section]<\/p>\n<\/div>","protected":false},"excerpt":{"rendered":"<p>[vc_section full_width=&#8221;stretch_row&#8221; content_placement=&#8221;top&#8221; css=&#8221;.vc_custom_1651853696188{background-color: #e5d6b6 !important;}&#8221; el_id=&#8221;heroSection&#8221;][vc_row type=&#8221;full_width_section&#8221;][vc_column width=&#8221;1\/1&#8243;][\/vc_column][\/vc_row][\/vc_section][vc_section full_width=&#8221;stretch_row&#8221;][vc_row top_padding=&#8221;30&#8243;][vc_column width=&#8221;1\/1&#8243;][vc_column_text] Qu\u00e9 esperar: Al responder una serie de preguntas, esta herramienta le gu\u00eda para identificar estrategias para optimizar la adecuaci\u00f3n de su programa con su contexto Al final se le entregar\u00e1 una copia personalizada con sus respuestas y un plan de acci\u00f3n para afianzar su programa Los datos introducidos solo se guardar\u00e1n en conjunto y no se compartir\u00e1n con nadie [\/vc_column_text][\/vc_column][\/vc_row][vc_row top_padding=&#8221;30&#8243; bottom_padding=&#8221;30&#8243;][vc_column column_padding=&#8221;custom-padding&#8221; column_custompadding=&#8221;0px 30px 0px 30px&#8221; width=&#8221;1\/1&#8243;][vc_column_text] PRISM (Modelo Pragm\u00e1tico y Robusto de Implementaci\u00f3n y Sostenibilidad) [\/vc_column_text][vc_column_text] M\u00e1s informaci\u00f3n sobre el iPRISM Webtool M\u00e1s informaci\u00f3n sobre PRISM [\/vc_column_text][\/vc_column][\/vc_row][\/vc_section]<\/p>\n","protected":false},"author":3,"featured_media":0,"parent":0,"menu_order":0,"comment_status":"closed","ping_status":"closed","template":"","meta":{"_acf_changed":false,"_lmt_disableupdate":"no","_lmt_disable":"","footnotes":""},"class_list":["post-337","page","type-page","status-publish","hentry"],"acf":[],"_links":{"self":[{"href":"https:\/\/prismtool.org\/es\/wp-json\/wp\/v2\/pages\/337","targetHints":{"allow":["GET"]}}],"collection":[{"href":"https:\/\/prismtool.org\/es\/wp-json\/wp\/v2\/pages"}],"about":[{"href":"https:\/\/prismtool.org\/es\/wp-json\/wp\/v2\/types\/page"}],"author":[{"embeddable":true,"href":"https:\/\/prismtool.org\/es\/wp-json\/wp\/v2\/users\/3"}],"replies":[{"embeddable":true,"href":"https:\/\/prismtool.org\/es\/wp-json\/wp\/v2\/comments?post=337"}],"version-history":[{"count":6,"href":"https:\/\/prismtool.org\/es\/wp-json\/wp\/v2\/pages\/337\/revisions"}],"predecessor-version":[{"id":591,"href":"https:\/\/prismtool.org\/es\/wp-json\/wp\/v2\/pages\/337\/revisions\/591"}],"wp:attachment":[{"href":"https:\/\/prismtool.org\/es\/wp-json\/wp\/v2\/media?parent=337"}],"curies":[{"name":"wp","href":"https:\/\/api.w.org\/{rel}","templated":true}]}}