{"id":339,"date":"2022-05-06T17:20:03","date_gmt":"2022-05-06T23:20:03","guid":{"rendered":"https:\/\/prismtool.org\/acerca-del-iprism-webtool\/"},"modified":"2023-06-14T12:19:25","modified_gmt":"2023-06-14T18:19:25","slug":"acerca-del-iprism-webtool","status":"publish","type":"page","link":"https:\/\/prismtool.org\/es\/acerca-del-iprism-webtool\/","title":{"rendered":"Acerca del iPRISM Webtool"},"content":{"rendered":"<div class=\"wpb-content-wrapper\"><p>[vc_row][vc_column width=&#8221;1\/1&#8243;][vc_column_text]<\/p>\n<h1 style=\"text-align: center;\">Acerca del iPRISM Webtool<\/h1>\n<p>[\/vc_column_text]<div class=\"spacer\" style=\"height: 40px;\"><\/div>[\/vc_column][\/vc_row][vc_row][vc_column width=&#8221;1\/1&#8243;][vc_column_text]<\/p>\n<h3>\u00bfQu\u00e9 es el iPRISM Webtool?<\/h3>\n<p>El Modelo Pragm\u00e1tico y Robusto de Implementaci\u00f3n y Sostenibilidad (PRISM, por sus siglas en ingl\u00e9s) es un marco cient\u00edfico de implementaci\u00f3n que considera las interacciones din\u00e1micas y en m\u00faltiples niveles entre la intervenci\u00f3n basada en evidencia, la perspectiva y las caracter\u00edsticas de los diversos destinatarios (por ejemplo, pacientes, m\u00e9dicos, responsables de tomar decisiones), la infraestructura de implementaci\u00f3n y sostenibilidad y el contexto externo (por ejemplo, leyes y regulaciones, pautas de pr\u00e1ctica cl\u00ednica).<\/p>\n<p>PRISM conecta estos dominios contextuales con los resultados ampliamente utilizados de RE-AIM (Representatividad y Alcance, Efectividad, Adopci\u00f3n, Implementaci\u00f3n, Mantenimiento).<\/p>\n<p>El iPRISM Webtool gu\u00eda a los usuarios para evaluar de forma pragm\u00e1tica la alineaci\u00f3n del contexto de un programa basado en evidencia utilizando los dominios contextuales de PRISM y los resultados de RE-AIM.[\/vc_column_text]<div class=\"spacer\" style=\"height: 40px;\"><\/div>[\/vc_column][\/vc_row][vc_row][vc_column width=&#8221;1\/1&#8243;][vc_column_text]<\/p>\n<h3>\u00bfPor qu\u00e9 deber\u00eda usar el iPRISM Webtool?<\/h3>\n<p>El iPRISM Webtool facilita el alcance, la adopci\u00f3n, la implementaci\u00f3n, la efectividad y la sostenibilidad de su programa basado en evidencia al ayudar a alinear su programa y las estrategias de implementaci\u00f3n con su contexto mientras considera sus prioridades y objetivos clave.[\/vc_column_text]<div class=\"spacer\" style=\"height: 40px;\"><\/div>[\/vc_column][\/vc_row][vc_row][vc_column width=&#8221;1\/1&#8243;][vc_column_text]<\/p>\n<h3>\u00bfQui\u00e9n deber\u00eda usar el iPRISM Webtool?<\/h3>\n<p>La herramienta puede ser utilizada por investigadores o implementadores en la pr\u00e1ctica, con o sin experiencia en la ciencia de la implementaci\u00f3n.[\/vc_column_text]<div class=\"spacer\" style=\"height: 40px;\"><\/div>[\/vc_column][\/vc_row][vc_row][vc_column width=&#8221;1\/1&#8243;][vc_column_text]<\/p>\n<h3>\u00bfCu\u00e1ndo deber\u00eda usar el iPRISM Webtool?<\/h3>\n<p>La herramienta puede utilizarse para informar sobre las etapas de planificaci\u00f3n, implementaci\u00f3n y evaluaci\u00f3n o sostenibilidad de un programa basado en evidencia.[\/vc_column_text]<div class=\"spacer\" style=\"height: 40px;\"><\/div>[\/vc_column][\/vc_row][vc_row][vc_column width=&#8221;1\/1&#8243;][vc_column_text]<\/p>\n<h3>\u00bfC\u00f3mo deber\u00eda usar el iPRISM Webtool?<\/h3>\n<p>La herramienta puede ser utilizada por personas de manera individual o por equipos de implementaci\u00f3n. Los miembros de los equipos pueden decidir completar la herramienta de evaluaci\u00f3n PRISM juntos o individualmente y luego comparar los resultados en equipo.[\/vc_column_text]<div class=\"spacer\" style=\"height: 40px;\"><\/div>[\/vc_column][\/vc_row][vc_row][vc_column width=&#8221;1\/1&#8243;][vc_column_text]<\/p>\n<h3>\u00bfC\u00f3mo aborda el iPRISM Webtool la equidad y representatividad?<\/h3>\n<p>El iPRISM Webtool impulsa\/gu\u00eda expl\u00edcitamente a los usuarios a considerar la equidad y la representatividad de dos maneras clave:<\/p>\n<ol>\n<li>Al responder las dos series de preguntas de evaluaci\u00f3n<\/li>\n<li>Al calificar las posibles estrategias de implementaci\u00f3n para mejorar un programa adecuado para un impacto equitativo<\/li>\n<\/ol>\n<p>Los dos conjuntos de preguntas de evaluaci\u00f3n se basan en los dominios de contexto PRISM y los resultados RE-AIM del marco PRISM, que promueve y considera la equidad como se ilustra en la figura a continuaci\u00f3n. Los dominios de contexto PRISM enfatizan la importancia de la representaci\u00f3n a trav\u00e9s de muchas perspectivas al evaluar el contexto y alinear o adaptar un programa para que encaje dentro del contexto. Los resultados de RE-AIM enfatizan la importancia de garantizar que los resultados sean relevantes y equitativos a trav\u00e9s de diversas perspectivas e incluyen un monitoreo proactivo de posibles desigualdades no deseadas.[\/vc_column_text]<div class=\"spacer\" style=\"height: 40px;\"><\/div>[vc_single_image image=&#8221;301&#8243; img_size=&#8221;large&#8221; alignment=&#8221;center&#8221; onclick=&#8221;link_image&#8221;]<div class=\"spacer\" style=\"height: 40px;\"><\/div>[\/vc_column][\/vc_row][vc_row][vc_column width=&#8221;1\/1&#8243;][vc_column_text]<\/p>\n<p style=\"text-align: center;\"><a href=\"https:\/\/prismtool.org\/wp-content\/uploads\/2023\/02\/Quick-Start-Guide-to-Using-the-iPRISM-Webtool-V3.pdf\">Gu\u00eda de inicio r\u00e1pido<\/a><\/p>\n<p style=\"text-align: center;\"><a href=\"https:\/\/prismtool.org\/wp-content\/uploads\/2023\/02\/iPRISM-facilitator-tips-V4.pdf\">Consejos para el facilitador<\/a><\/p>\n<p>[\/vc_column_text][\/vc_column][\/vc_row]<\/p>\n<\/div>","protected":false},"excerpt":{"rendered":"<p>[vc_row][vc_column width=&#8221;1\/1&#8243;][vc_column_text] Acerca del iPRISM Webtool [\/vc_column_text][\/vc_column][\/vc_row][vc_row][vc_column width=&#8221;1\/1&#8243;][vc_column_text] \u00bfQu\u00e9 es el iPRISM Webtool? El Modelo Pragm\u00e1tico y Robusto de Implementaci\u00f3n y Sostenibilidad (PRISM, por sus siglas en ingl\u00e9s) es un marco cient\u00edfico de implementaci\u00f3n que considera las interacciones din\u00e1micas y en m\u00faltiples niveles entre la intervenci\u00f3n basada en evidencia, la perspectiva y las caracter\u00edsticas de los diversos destinatarios (por ejemplo, pacientes, m\u00e9dicos, responsables de tomar decisiones), la infraestructura de implementaci\u00f3n y sostenibilidad y el contexto externo (por ejemplo, leyes y regulaciones, pautas de pr\u00e1ctica cl\u00ednica). PRISM conecta estos dominios contextuales con los resultados ampliamente utilizados de RE-AIM (Representatividad y Alcance, Efectividad, Adopci\u00f3n, Implementaci\u00f3n, Mantenimiento). El iPRISM Webtool gu\u00eda a los usuarios para evaluar de forma pragm\u00e1tica la alineaci\u00f3n del contexto de un programa basado en evidencia utilizando los dominios contextuales de PRISM y los resultados de RE-AIM.[\/vc_column_text][\/vc_column][\/vc_row][vc_row][vc_column width=&#8221;1\/1&#8243;][vc_column_text] \u00bfPor qu\u00e9 deber\u00eda usar el iPRISM Webtool? El iPRISM Webtool facilita el alcance, la adopci\u00f3n, la implementaci\u00f3n, la efectividad y la sostenibilidad de su programa basado en evidencia al ayudar a alinear su programa y las estrategias de implementaci\u00f3n con su contexto mientras considera sus prioridades y objetivos clave.[\/vc_column_text][\/vc_column][\/vc_row][vc_row][vc_column width=&#8221;1\/1&#8243;][vc_column_text] \u00bfQui\u00e9n deber\u00eda usar el iPRISM Webtool? La herramienta puede ser utilizada por [&hellip;]<\/p>\n","protected":false},"author":3,"featured_media":0,"parent":0,"menu_order":0,"comment_status":"closed","ping_status":"closed","template":"","meta":{"_acf_changed":false,"_lmt_disableupdate":"","_lmt_disable":"","footnotes":""},"class_list":["post-339","page","type-page","status-publish","hentry"],"acf":[],"_links":{"self":[{"href":"https:\/\/prismtool.org\/es\/wp-json\/wp\/v2\/pages\/339","targetHints":{"allow":["GET"]}}],"collection":[{"href":"https:\/\/prismtool.org\/es\/wp-json\/wp\/v2\/pages"}],"about":[{"href":"https:\/\/prismtool.org\/es\/wp-json\/wp\/v2\/types\/page"}],"author":[{"embeddable":true,"href":"https:\/\/prismtool.org\/es\/wp-json\/wp\/v2\/users\/3"}],"replies":[{"embeddable":true,"href":"https:\/\/prismtool.org\/es\/wp-json\/wp\/v2\/comments?post=339"}],"version-history":[{"count":10,"href":"https:\/\/prismtool.org\/es\/wp-json\/wp\/v2\/pages\/339\/revisions"}],"predecessor-version":[{"id":769,"href":"https:\/\/prismtool.org\/es\/wp-json\/wp\/v2\/pages\/339\/revisions\/769"}],"wp:attachment":[{"href":"https:\/\/prismtool.org\/es\/wp-json\/wp\/v2\/media?parent=339"}],"curies":[{"name":"wp","href":"https:\/\/api.w.org\/{rel}","templated":true}]}}