{"id":355,"date":"2022-05-31T22:37:24","date_gmt":"2022-06-01T04:37:24","guid":{"rendered":"https:\/\/prismtool.org\/preguntas-generales-del-programa\/evaluacion-completada\/"},"modified":"2023-02-13T08:52:54","modified_gmt":"2023-02-13T15:52:54","slug":"evaluacion-completada","status":"publish","type":"page","link":"https:\/\/prismtool.org\/es\/comencemos\/stage\/preguntas-generales-del-programa\/evaluacion-completada\/","title":{"rendered":"Evaluaci\u00f3n Completada"},"content":{"rendered":"<div class=\"wpb-content-wrapper\"><p>[vc_section full_width=&#8221;stretch_row&#8221;][vc_row text_align=&#8221;center&#8221; bottom_padding=&#8221;20&#8243;][vc_column width=&#8221;1\/1&#8243;][vc_column_text]<\/p>\n<h2>Ha completado la evaluaci\u00f3n de la herramienta web PRISM<\/h2>\n<p>[\/vc_column_text][\/vc_column][\/vc_row][vc_row row_id=&#8221;results-individual-wrapper&#8221;][vc_column column_center=&#8221;true&#8221; width=&#8221;1\/4&#8243;][vc_column_text el_id=&#8221;results-individual-side-label&#8221; el_class=&#8221;results-page-side-label&#8221;]Individual[\/vc_column_text][\/vc_column][vc_column width=&#8221;1\/2&#8243;]<div class=\"spacer\" style=\"height: 40px;\"><\/div><a href=\"#getIndividualResponses\" target=\"_self\" class=\"button button-appear color-1 full getIndividualResponses\" style=\"border-radius: 2px;\"><span>Haga clic aqu\u00ed para descargar sus respuestas y puntajes INDIVIDUALES<i class='fa fa-download'><\/i><\/span><\/a><div class=\"spacer\" style=\"height: 10px;\"><\/div>[modal_popup_box btnalign=&#8221;center&#8221; btnsize=&#8221;10&#8243; btnradius=&#8221;0&#8243; titlealign=&#8221;center&#8221; titletext=&#8221; Obtenga sus respuestas y puntajes individuales&#8221; titlesize=&#8221;29&#8243; btntext=&#8221;Env\u00ede por correo electr\u00f3nico sus respuestas y puntajes individuales&#8221; btn_icon=&#8221;far fa-envelope&#8221; bodybg=&#8221;#999999&#8243; titleclr=&#8221;#0a0a0a&#8221; titlebg=&#8221;#ffffff&#8221; titleborder=&#8221;#ffffff&#8221; bgclr=&#8221;#ffffff&#8221; caption_url=&#8221;&#8221;]<\/p>\n<div><input class=\"emailAddressInputIndividual\" type=\"text\" placeholder=\"Introduce tu correo electr\u00f3nico\" \/><br \/>\n<a class=\"emailIndividualResponsesAction\" href=\"#\">Enviar mis respuestas por correo electr\u00f3nico<\/a><\/div>\n<p>[\/modal_popup_box]<div class=\"spacer\" style=\"height: 20px;\"><\/div>[vc_column_text]<\/p>\n<p id=\"emailSendSuccess\">Sus resultados han sido enviados a la direcci\u00f3n de correo electr\u00f3nico que proporcion\u00f3. Espere hasta 15 minutos para que llegue el correo electr\u00f3nico.<\/p>\n<p>[\/vc_column_text][vc_column_text]<\/p>\n<p style=\"text-align: center;\"><i class=\"fa fa-bookmark\" aria-hidden=\"true\"><\/i> Aseg\u00farese de marcar esta p\u00e1gina como favorita para acceder a sus resultados en el futuro.<\/p>\n<p>[\/vc_column_text]<div class=\"spacer\" style=\"height: 40px;\"><\/div>[\/vc_column][vc_column width=&#8221;1\/4&#8243;][\/vc_column][\/vc_row][vc_row top_padding=&#8221;40&#8243; bottom_padding=&#8221;40&#8243; row_id=&#8221;results-team-wrapper&#8221;][vc_column column_center=&#8221;true&#8221; width=&#8221;1\/4&#8243;][vc_column_text el_id=&#8221;results-team-side-label&#8221; el_class=&#8221;results-page-side-label&#8221;]Equipo[\/vc_column_text][\/vc_column][vc_column bg_color=&#8221;#e5d6b6&#8243; column_padding=&#8221;custom-padding&#8221; column_custompadding=&#8221;40px&#8221; text_align=&#8221;center&#8221; width=&#8221;1\/2&#8243;][vc_column_text el_id=&#8221;prism_teamname&#8221;]<\/p>\n<h3 style=\"text-decoration: underline;\"><strong>XX<\/strong><\/h3>\n<p>[\/vc_column_text]<div class=\"spacer\" style=\"height: 20px;\"><\/div>[vc_column_text el_id=&#8221;prism_teamcount&#8221;]<\/p>\n<h3><strong>XX<\/strong> otros miembros de su equipo han completado esta evaluaci\u00f3n<\/h3>\n<p>[\/vc_column_text]<div class=\"spacer\" style=\"height: 20px;\"><\/div><a href=\"#getTeamResponses\" target=\"_self\" class=\"button button-appear color-1 full getTeamResponses\" style=\"border-radius: 2px;\"><span>Haga clic aqu\u00ed para descargar las respuestas y puntajes de su EQUIPO<i class='fa fa-download'><\/i><\/span><\/a><div class=\"spacer\" style=\"height: 20px;\"><\/div>[vc_column_text]Aqu\u00ed est\u00e1 el c\u00f3digo \u00fanico de su equipo que puede ser compartido con otros: <strong id=\"prism_teamcode\"> <\/strong><\/p>\n<h5><em>Tenga en cuenta que sus respuestas se compartir\u00e1n con su equipo <u>de forma an\u00f3nima<\/u><\/em><\/h5>\n<p>[\/vc_column_text][\/vc_column][vc_column width=&#8221;1\/4&#8243;][\/vc_column][\/vc_row][vc_row text_align=&#8221;center&#8221; top_padding=&#8221;20&#8243; bottom_padding=&#8221;40&#8243;][vc_column width=&#8221;1\/1&#8243;][vc_column_text]RECORDATORIO: Esta herramienta est\u00e1 pensada para ser utilizada de forma iterativa a lo largo de las etapas de planificaci\u00f3n, implementaci\u00f3n y mantenimiento de un programa[\/vc_column_text][\/vc_column][\/vc_row][\/vc_section][vc_row][vc_column width=&#8221;1\/1&#8243;][vc_column_text]<\/p>\n<p style=\"text-align: left;\"><\/p>\n<p>[\/vc_column_text][\/vc_column][\/vc_row]<\/p>\n<\/div>","protected":false},"excerpt":{"rendered":"<p>[vc_section full_width=&#8221;stretch_row&#8221;][vc_row text_align=&#8221;center&#8221; bottom_padding=&#8221;20&#8243;][vc_column width=&#8221;1\/1&#8243;][vc_column_text] Ha completado la evaluaci\u00f3n de la herramienta web PRISM [\/vc_column_text][\/vc_column][\/vc_row][vc_row row_id=&#8221;results-individual-wrapper&#8221;][vc_column column_center=&#8221;true&#8221; width=&#8221;1\/4&#8243;][vc_column_text el_id=&#8221;results-individual-side-label&#8221; el_class=&#8221;results-page-side-label&#8221;]Individual[\/vc_column_text][\/vc_column][vc_column width=&#8221;1\/2&#8243;][modal_popup_box btnalign=&#8221;center&#8221; btnsize=&#8221;10&#8243; btnradius=&#8221;0&#8243; titlealign=&#8221;center&#8221; titletext=&#8221; Obtenga sus respuestas y puntajes individuales&#8221; titlesize=&#8221;29&#8243; btntext=&#8221;Env\u00ede por correo electr\u00f3nico sus respuestas y puntajes individuales&#8221; btn_icon=&#8221;far fa-envelope&#8221; bodybg=&#8221;#999999&#8243; titleclr=&#8221;#0a0a0a&#8221; titlebg=&#8221;#ffffff&#8221; titleborder=&#8221;#ffffff&#8221; bgclr=&#8221;#ffffff&#8221; caption_url=&#8221;&#8221;] Enviar mis respuestas por correo electr\u00f3nico [\/modal_popup_box][vc_column_text] Sus resultados han sido enviados a la direcci\u00f3n de correo electr\u00f3nico que proporcion\u00f3. Espere hasta 15 minutos para que llegue el correo electr\u00f3nico. [\/vc_column_text][vc_column_text] Aseg\u00farese de marcar esta p\u00e1gina como favorita para acceder a sus resultados en el futuro. [\/vc_column_text][\/vc_column][vc_column width=&#8221;1\/4&#8243;][\/vc_column][\/vc_row][vc_row top_padding=&#8221;40&#8243; bottom_padding=&#8221;40&#8243; row_id=&#8221;results-team-wrapper&#8221;][vc_column column_center=&#8221;true&#8221; width=&#8221;1\/4&#8243;][vc_column_text el_id=&#8221;results-team-side-label&#8221; el_class=&#8221;results-page-side-label&#8221;]Equipo[\/vc_column_text][\/vc_column][vc_column bg_color=&#8221;#e5d6b6&#8243; column_padding=&#8221;custom-padding&#8221; column_custompadding=&#8221;40px&#8221; text_align=&#8221;center&#8221; width=&#8221;1\/2&#8243;][vc_column_text el_id=&#8221;prism_teamname&#8221;] XX [\/vc_column_text][vc_column_text el_id=&#8221;prism_teamcount&#8221;] XX otros miembros de su equipo han completado esta evaluaci\u00f3n [\/vc_column_text][vc_column_text]Aqu\u00ed est\u00e1 el c\u00f3digo \u00fanico de su equipo que puede ser compartido con otros: Tenga en cuenta que sus respuestas se compartir\u00e1n con su equipo de forma an\u00f3nima [\/vc_column_text][\/vc_column][vc_column width=&#8221;1\/4&#8243;][\/vc_column][\/vc_row][vc_row text_align=&#8221;center&#8221; top_padding=&#8221;20&#8243; bottom_padding=&#8221;40&#8243;][vc_column width=&#8221;1\/1&#8243;][vc_column_text]RECORDATORIO: Esta herramienta est\u00e1 pensada para ser utilizada de forma iterativa a lo largo de las etapas de planificaci\u00f3n, implementaci\u00f3n y mantenimiento de un programa[\/vc_column_text][\/vc_column][\/vc_row][\/vc_section][vc_row][vc_column width=&#8221;1\/1&#8243;][vc_column_text] [\/vc_column_text][\/vc_column][\/vc_row]<\/p>\n","protected":false},"author":3,"featured_media":0,"parent":348,"menu_order":0,"comment_status":"closed","ping_status":"closed","template":"","meta":{"_acf_changed":false,"_lmt_disableupdate":"no","_lmt_disable":"","footnotes":""},"class_list":["post-355","page","type-page","status-publish","hentry"],"acf":[],"_links":{"self":[{"href":"https:\/\/prismtool.org\/es\/wp-json\/wp\/v2\/pages\/355","targetHints":{"allow":["GET"]}}],"collection":[{"href":"https:\/\/prismtool.org\/es\/wp-json\/wp\/v2\/pages"}],"about":[{"href":"https:\/\/prismtool.org\/es\/wp-json\/wp\/v2\/types\/page"}],"author":[{"embeddable":true,"href":"https:\/\/prismtool.org\/es\/wp-json\/wp\/v2\/users\/3"}],"replies":[{"embeddable":true,"href":"https:\/\/prismtool.org\/es\/wp-json\/wp\/v2\/comments?post=355"}],"version-history":[{"count":20,"href":"https:\/\/prismtool.org\/es\/wp-json\/wp\/v2\/pages\/355\/revisions"}],"predecessor-version":[{"id":469,"href":"https:\/\/prismtool.org\/es\/wp-json\/wp\/v2\/pages\/355\/revisions\/469"}],"up":[{"embeddable":true,"href":"https:\/\/prismtool.org\/es\/wp-json\/wp\/v2\/pages\/348"}],"wp:attachment":[{"href":"https:\/\/prismtool.org\/es\/wp-json\/wp\/v2\/media?parent=355"}],"curies":[{"name":"wp","href":"https:\/\/api.w.org\/{rel}","templated":true}]}}