{"id":398,"date":"2022-05-19T17:30:28","date_gmt":"2022-05-19T23:30:28","guid":{"rendered":"https:\/\/prismtool.org\/comencemos\/stage\/preguntas-generales-del-programa\/resultados-de-re-aim-y-resultados-de-la-evaluacion-del-contexto-prism\/"},"modified":"2022-12-09T15:00:48","modified_gmt":"2022-12-09T22:00:48","slug":"resultados-de-re-aim-y-resultados-de-la-evaluacion-del-contexto-prism","status":"publish","type":"page","link":"https:\/\/prismtool.org\/es\/comencemos\/stage\/preguntas-generales-del-programa\/resultados-de-re-aim-y-resultados-de-la-evaluacion-del-contexto-prism\/","title":{"rendered":"Resultados de RE-AIM y resultados de la evaluaci\u00f3n del contexto PRISM"},"content":{"rendered":"<div class=\"wpb-content-wrapper\"><p>[vc_section full_width=&#8221;stretch_row&#8221;][vc_row bottom_padding=&#8221;40&#8243;][vc_column width=&#8221;1\/1&#8243;][vc_column_text]<\/p>\n<h2>Resultados de RE-AIM y resultados de la evaluaci\u00f3n del contexto PRISM<\/h2>\n<h3>Esta p\u00e1gina ofrece un resumen de sus respuestas a las preguntas.<\/h3>\n<p>[\/vc_column_text][\/vc_column][\/vc_row][vc_row text_align=&#8221;center&#8221; bottom_padding=&#8221;40&#8243;][vc_column width=&#8221;1\/12&#8243;][\/vc_column][vc_column el_class=&#8221;reaim-result-graphics&#8221; width=&#8221;5\/12&#8243;][vc_column_text]<\/p>\n<h3>Puntuaciones de RE-AIM<\/h3>\n<p><span class=\"prism-captions\">A continuaci\u00f3n se muestran sus puntuaciones promedio a las preguntas <strong>2 a 4<\/strong> de cada categor\u00eda<br \/>\nPase el rat\u00f3n por encima de cada categor\u00eda para ver los detalles de las preguntas individuales.<\/span>[\/vc_column_text]<div class=\"single_image wpb_content_element align-center    reaim_image\" data-animation=\"none\" data-delay=\"0\"><img loading=\"lazy\" decoding=\"async\" width=\"657\" height=\"621\" src=\"https:\/\/prismtool.org\/wp-content\/uploads\/2022\/05\/Image-12.png\" class=\"attachment-full\" alt=\"\" title=\"Image 12\" \/><\/div>[vc_column_text el_class=&#8221;view_alternative_results&#8221;]<\/p>\n<p style=\"text-align: right;\"><a href=\"#\">Haga clic aqu\u00ed para ver m\u00e1s detalles<\/a><\/p>\n<p>[\/vc_column_text][\/vc_column][vc_column el_class=&#8221;prism-result-graphics&#8221; width=&#8221;5\/12&#8243;][vc_column_text]<\/p>\n<h3>Puntuaciones de PRISM<\/h3>\n<p><span class=\"prism-captions\">A continuaci\u00f3n se muestran sus puntuaciones <strong>individuales<\/strong> para la pregunta 1 de cada categor\u00eda<br \/>\nPase el rat\u00f3n por encima de cada categor\u00eda para ver los detalles de las preguntas individuales.<\/span>[\/vc_column_text]<div class=\"single_image wpb_content_element align-center    reaim_image\" data-animation=\"none\" data-delay=\"0\"><img loading=\"lazy\" decoding=\"async\" width=\"659\" height=\"615\" src=\"https:\/\/prismtool.org\/wp-content\/uploads\/2022\/05\/Screen-Shot-2022-04-23-at-12.54.09-PM.png\" class=\"attachment-full\" alt=\"\" title=\"Screen Shot 2022-04-23 at 12.54.09 PM\" \/><\/div>[vc_column_text el_class=&#8221;view_alternative_results&#8221;]<\/p>\n<p style=\"text-align: right;\"><a href=\"#\">Haga clic aqu\u00ed para ver m\u00e1s detalles<\/a><\/p>\n<p>[\/vc_column_text][\/vc_column][vc_column width=&#8221;1\/12&#8243;][\/vc_column][\/vc_row][\/vc_section][vc_section full_width=&#8221;stretch_row&#8221; el_class=&#8221;prism-form-container&#8221;][vc_row class=&#8221;prism-form-container&#8221;][vc_column width=&#8221;1\/1&#8243;][\/vc_column][\/vc_row][\/vc_section]<\/p>\n<\/div>","protected":false},"excerpt":{"rendered":"<p>[vc_section full_width=&#8221;stretch_row&#8221;][vc_row bottom_padding=&#8221;40&#8243;][vc_column width=&#8221;1\/1&#8243;][vc_column_text] Resultados de RE-AIM y resultados de la evaluaci\u00f3n del contexto PRISM Esta p\u00e1gina ofrece un resumen de sus respuestas a las preguntas. [\/vc_column_text][\/vc_column][\/vc_row][vc_row text_align=&#8221;center&#8221; bottom_padding=&#8221;40&#8243;][vc_column width=&#8221;1\/12&#8243;][\/vc_column][vc_column el_class=&#8221;reaim-result-graphics&#8221; width=&#8221;5\/12&#8243;][vc_column_text] Puntuaciones de RE-AIM A continuaci\u00f3n se muestran sus puntuaciones promedio a las preguntas 2 a 4 de cada categor\u00eda Pase el rat\u00f3n por encima de cada categor\u00eda para ver los detalles de las preguntas individuales.[\/vc_column_text][vc_column_text el_class=&#8221;view_alternative_results&#8221;] Haga clic aqu\u00ed para ver m\u00e1s detalles [\/vc_column_text][\/vc_column][vc_column el_class=&#8221;prism-result-graphics&#8221; width=&#8221;5\/12&#8243;][vc_column_text] Puntuaciones de PRISM A continuaci\u00f3n se muestran sus puntuaciones individuales para la pregunta 1 de cada categor\u00eda Pase el rat\u00f3n por encima de cada categor\u00eda para ver los detalles de las preguntas individuales.[\/vc_column_text][vc_column_text el_class=&#8221;view_alternative_results&#8221;] Haga clic aqu\u00ed para ver m\u00e1s detalles [\/vc_column_text][\/vc_column][vc_column width=&#8221;1\/12&#8243;][\/vc_column][\/vc_row][\/vc_section][vc_section full_width=&#8221;stretch_row&#8221; el_class=&#8221;prism-form-container&#8221;][vc_row class=&#8221;prism-form-container&#8221;][vc_column width=&#8221;1\/1&#8243;][\/vc_column][\/vc_row][\/vc_section]<\/p>\n","protected":false},"author":3,"featured_media":0,"parent":348,"menu_order":0,"comment_status":"closed","ping_status":"closed","template":"","meta":{"_acf_changed":false,"_lmt_disableupdate":"","_lmt_disable":"","footnotes":""},"class_list":["post-398","page","type-page","status-publish","hentry"],"acf":[],"_links":{"self":[{"href":"https:\/\/prismtool.org\/es\/wp-json\/wp\/v2\/pages\/398","targetHints":{"allow":["GET"]}}],"collection":[{"href":"https:\/\/prismtool.org\/es\/wp-json\/wp\/v2\/pages"}],"about":[{"href":"https:\/\/prismtool.org\/es\/wp-json\/wp\/v2\/types\/page"}],"author":[{"embeddable":true,"href":"https:\/\/prismtool.org\/es\/wp-json\/wp\/v2\/users\/3"}],"replies":[{"embeddable":true,"href":"https:\/\/prismtool.org\/es\/wp-json\/wp\/v2\/comments?post=398"}],"version-history":[{"count":2,"href":"https:\/\/prismtool.org\/es\/wp-json\/wp\/v2\/pages\/398\/revisions"}],"predecessor-version":[{"id":400,"href":"https:\/\/prismtool.org\/es\/wp-json\/wp\/v2\/pages\/398\/revisions\/400"}],"up":[{"embeddable":true,"href":"https:\/\/prismtool.org\/es\/wp-json\/wp\/v2\/pages\/348"}],"wp:attachment":[{"href":"https:\/\/prismtool.org\/es\/wp-json\/wp\/v2\/media?parent=398"}],"curies":[{"name":"wp","href":"https:\/\/api.w.org\/{rel}","templated":true}]}}