{"id":401,"date":"2022-05-19T19:41:31","date_gmt":"2022-05-20T01:41:31","guid":{"rendered":"https:\/\/prismtool.org\/comencemos\/stage\/preguntas-generales-del-programa\/resultados-de-re-aim-y-resultados-de-la-evaluacion-del-contexto-prism\/estrategias-para-mejorar-los-resultados-de-re-aim-y-los-dominios-de-contexto-de-prism\/"},"modified":"2022-12-09T15:03:20","modified_gmt":"2022-12-09T22:03:20","slug":"estrategias-para-mejorar-los-resultados-de-re-aim-y-los-dominios-de-contexto-de-prism","status":"publish","type":"page","link":"https:\/\/prismtool.org\/es\/comencemos\/stage\/preguntas-generales-del-programa\/resultados-de-re-aim-y-resultados-de-la-evaluacion-del-contexto-prism\/estrategias-para-mejorar-los-resultados-de-re-aim-y-los-dominios-de-contexto-de-prism\/","title":{"rendered":"Estrategias para mejorar los resultados de RE-AIM y los dominios de contexto de PRISM"},"content":{"rendered":"<div class=\"wpb-content-wrapper\"><p>[vc_section full_width=&#8221;stretch_row&#8221;][vc_row bottom_padding=&#8221;40&#8243;][vc_column width=&#8221;1\/1&#8243;][vc_column_text]<\/p>\n<h2>Estrategias para mejorar los resultados de RE-AIM y los dominios de contexto de PRISM<\/h2>\n<p>Esta p\u00e1gina proporciona gu\u00edas para que usted desarrolle estrategias de mejora basadas en sus respuestas a las preguntas[\/vc_column_text][\/vc_column][\/vc_row][\/vc_section][vc_section][vc_row][vc_column width=&#8221;1\/1&#8243;][vc_tta_accordion title_tag=&#8221;h3&#8243; section_title_tag=&#8221;h3&#8243; style=&#8221;modern&#8221; shape=&#8221;square&#8221; spacing=&#8221;30&#8243; c_icon=&#8221;chevron&#8221; c_position=&#8221;right&#8221; active_section=&#8221;1&#8243; no_fill=&#8221;true&#8221; collapsible_all=&#8221;true&#8221; el_class=&#8221;prism-form-container&#8221;][vc_tta_section title=&#8221;Puntuaciones de RE-AIM y PRISM&#8221; tab_id=&#8221;RE-AIM-PRISM-Results&#8221;][vc_row_inner el_class=&#8221;text-align-center&#8221;][vc_column_inner el_class=&#8221;text-align-center reaim-result-graphics&#8221; width=&#8221;1\/2&#8243;][vc_column_text]<\/p>\n<h3 style=\"text-align: center;\">Puntuaciones de RE-AIM<\/h3>\n<p style=\"text-align: center;\"><span class=\"prism-captions\">A continuaci\u00f3n se muestran sus puntuaciones promedio a las preguntas <strong>2 a 4<\/strong> de cada categor\u00eda<br \/>\n<\/span><\/p>\n<p>[\/vc_column_text]<div class=\"single_image wpb_content_element align-center    reaim_image\" data-animation=\"none\" data-delay=\"0\"><img loading=\"lazy\" decoding=\"async\" width=\"657\" height=\"621\" src=\"https:\/\/prismtool.org\/wp-content\/uploads\/2022\/05\/Image-12.png\" class=\"attachment-full\" alt=\"\" title=\"Image 12\" \/><\/div>[vc_column_text el_class=&#8221;view_alternative_results&#8221;]<\/p>\n<p style=\"text-align: right;\"><a href=\"#\">Haga clic aqu\u00ed para ver m\u00e1s detalles<\/a><\/p>\n<p>[\/vc_column_text][\/vc_column_inner][vc_column_inner el_class=&#8221;text-align-center prism-result-graphics&#8221; width=&#8221;1\/2&#8243;][vc_column_text]<\/p>\n<h3 style=\"text-align: center;\">Puntuaciones de PRISM<\/h3>\n<p style=\"text-align: center;\"><span class=\"prism-captions\">A continuaci\u00f3n se muestran sus puntuaciones <strong>individuales<\/strong> para la pregunta 1 de cada categor\u00eda<\/span><\/p>\n<p>[\/vc_column_text]<div class=\"single_image wpb_content_element align-center    reaim_image\" data-animation=\"none\" data-delay=\"0\"><img loading=\"lazy\" decoding=\"async\" width=\"659\" height=\"615\" src=\"https:\/\/prismtool.org\/wp-content\/uploads\/2022\/05\/Screen-Shot-2022-04-23-at-12.54.09-PM.png\" class=\"attachment-full\" alt=\"\" title=\"Screen Shot 2022-04-23 at 12.54.09 PM\" \/><\/div>[vc_column_text el_class=&#8221;view_alternative_results&#8221;]<\/p>\n<p style=\"text-align: right;\"><a href=\"#\">Haga clic aqu\u00ed para ver m\u00e1s detalles<\/a><\/p>\n<p>[\/vc_column_text][\/vc_column_inner][\/vc_row_inner][vc_row_inner][vc_column_inner]<div class=\"spacer\" style=\"height: 40px;\"><\/div>[vc_column_text]<\/p>\n<p style=\"text-align: center;\">Los gr\u00e1ficos indican una <strong>mayor PROBABILIDAD de<\/strong> \u00e9xito y apoyo a su programa a medida que se <strong>desplaza del centro a las partes exteriores<\/strong> de los c\u00edrculos<\/p>\n<p>[\/vc_column_text][\/vc_column_inner][\/vc_row_inner][\/vc_tta_section][vc_tta_section title=&#8221;Identifique sus estrategias&#8221; tab_id=&#8221;identify-your-strategies&#8221;][\/vc_tta_section][\/vc_tta_accordion][\/vc_column][\/vc_row][\/vc_section]<\/p>\n<\/div>","protected":false},"excerpt":{"rendered":"<p>[vc_section full_width=&#8221;stretch_row&#8221;][vc_row bottom_padding=&#8221;40&#8243;][vc_column width=&#8221;1\/1&#8243;][vc_column_text] Estrategias para mejorar los resultados de RE-AIM y los dominios de contexto de PRISM Esta p\u00e1gina proporciona gu\u00edas para que usted desarrolle estrategias de mejora basadas en sus respuestas a las preguntas[\/vc_column_text][\/vc_column][\/vc_row][\/vc_section][vc_section][vc_row][vc_column width=&#8221;1\/1&#8243;][vc_tta_accordion title_tag=&#8221;h3&#8243; section_title_tag=&#8221;h3&#8243; style=&#8221;modern&#8221; shape=&#8221;square&#8221; spacing=&#8221;30&#8243; c_icon=&#8221;chevron&#8221; c_position=&#8221;right&#8221; active_section=&#8221;1&#8243; no_fill=&#8221;true&#8221; collapsible_all=&#8221;true&#8221; el_class=&#8221;prism-form-container&#8221;][vc_tta_section title=&#8221;Puntuaciones de RE-AIM y PRISM&#8221; tab_id=&#8221;RE-AIM-PRISM-Results&#8221;][vc_row_inner el_class=&#8221;text-align-center&#8221;][vc_column_inner el_class=&#8221;text-align-center reaim-result-graphics&#8221; width=&#8221;1\/2&#8243;][vc_column_text] Puntuaciones de RE-AIM A continuaci\u00f3n se muestran sus puntuaciones promedio a las preguntas 2 a 4 de cada categor\u00eda [\/vc_column_text][vc_column_text el_class=&#8221;view_alternative_results&#8221;] Haga clic aqu\u00ed para ver m\u00e1s detalles [\/vc_column_text][\/vc_column_inner][vc_column_inner el_class=&#8221;text-align-center prism-result-graphics&#8221; width=&#8221;1\/2&#8243;][vc_column_text] Puntuaciones de PRISM A continuaci\u00f3n se muestran sus puntuaciones individuales para la pregunta 1 de cada categor\u00eda [\/vc_column_text][vc_column_text el_class=&#8221;view_alternative_results&#8221;] Haga clic aqu\u00ed para ver m\u00e1s detalles [\/vc_column_text][\/vc_column_inner][\/vc_row_inner][vc_row_inner][vc_column_inner][vc_column_text] Los gr\u00e1ficos indican una mayor PROBABILIDAD de \u00e9xito y apoyo a su programa a medida que se desplaza del centro a las partes exteriores de los c\u00edrculos [\/vc_column_text][\/vc_column_inner][\/vc_row_inner][\/vc_tta_section][vc_tta_section title=&#8221;Identifique sus estrategias&#8221; tab_id=&#8221;identify-your-strategies&#8221;][\/vc_tta_section][\/vc_tta_accordion][\/vc_column][\/vc_row][\/vc_section]<\/p>\n","protected":false},"author":3,"featured_media":0,"parent":398,"menu_order":0,"comment_status":"closed","ping_status":"closed","template":"","meta":{"_acf_changed":false,"_lmt_disableupdate":"","_lmt_disable":"","footnotes":""},"class_list":["post-401","page","type-page","status-publish","hentry"],"acf":[],"_links":{"self":[{"href":"https:\/\/prismtool.org\/es\/wp-json\/wp\/v2\/pages\/401","targetHints":{"allow":["GET"]}}],"collection":[{"href":"https:\/\/prismtool.org\/es\/wp-json\/wp\/v2\/pages"}],"about":[{"href":"https:\/\/prismtool.org\/es\/wp-json\/wp\/v2\/types\/page"}],"author":[{"embeddable":true,"href":"https:\/\/prismtool.org\/es\/wp-json\/wp\/v2\/users\/3"}],"replies":[{"embeddable":true,"href":"https:\/\/prismtool.org\/es\/wp-json\/wp\/v2\/comments?post=401"}],"version-history":[{"count":2,"href":"https:\/\/prismtool.org\/es\/wp-json\/wp\/v2\/pages\/401\/revisions"}],"predecessor-version":[{"id":403,"href":"https:\/\/prismtool.org\/es\/wp-json\/wp\/v2\/pages\/401\/revisions\/403"}],"up":[{"embeddable":true,"href":"https:\/\/prismtool.org\/es\/wp-json\/wp\/v2\/pages\/398"}],"wp:attachment":[{"href":"https:\/\/prismtool.org\/es\/wp-json\/wp\/v2\/media?parent=401"}],"curies":[{"name":"wp","href":"https:\/\/api.w.org\/{rel}","templated":true}]}}