{"id":745,"date":"2023-04-25T12:23:47","date_gmt":"2023-04-25T18:23:47","guid":{"rendered":"https:\/\/prismtool.org\/comencemos-2\/"},"modified":"2023-07-24T13:54:17","modified_gmt":"2023-07-24T19:54:17","slug":"comencemos","status":"publish","type":"page","link":"https:\/\/prismtool.org\/es\/comencemos\/","title":{"rendered":"Comencemos"},"content":{"rendered":"<div class=\"wpb-content-wrapper\"><p>[vc_section full_width=&#8221;stretch_row&#8221;][vc_row bottom_padding=&#8221;30&#8243;][vc_column width=&#8221;1\/1&#8243;][vc_column_text]<\/p>\n<h2 style=\"text-align: center;\">4 pasos para completar la herramienta de evaluaci\u00f3n PRISM<\/h2>\n<p>[\/vc_column_text][\/vc_column][\/vc_row][vc_row][vc_column bg_color=&#8221;rgba(27,75,112,0.25)&#8221; column_center=&#8221;true&#8221; width=&#8221;1\/4&#8243;]<div class=\"spacer\" style=\"height: 60px;\"><\/div>[vc_icon icon_fontawesome=&#8221;fas fa-users-cog&#8221; color=&#8221;black&#8221; size=&#8221;xl&#8221; align=&#8221;center&#8221;]<div class=\"spacer\" style=\"height: 5px;\"><\/div>[vc_column_text]<\/p>\n<p style=\"padding: 15px;\"><strong>Paso 1:<\/strong> Indique si est\u00e1 completando de manera individual o como miembro de un equipo<\/p>\n<p>[\/vc_column_text]<div class=\"spacer\" style=\"height: 10px;\"><\/div>[\/vc_column][vc_column bg_color=&#8221;rgba(51,112,55,0.25)&#8221; column_center=&#8221;true&#8221; width=&#8221;1\/4&#8243;]<div class=\"spacer\" style=\"height: 20px;\"><\/div>[vc_icon icon_fontawesome=&#8221;fas fa-question&#8221; color=&#8221;black&#8221; size=&#8221;xl&#8221; align=&#8221;center&#8221;]<div class=\"spacer\" style=\"height: 10px;\"><\/div>[vc_column_text]<\/p>\n<p style=\"padding: 15px;\"><strong>Paso 2:<\/strong> Responda algunas preguntas acerca de su programa<\/p>\n<p>[\/vc_column_text]<div class=\"spacer\" style=\"height: 10px;\"><\/div>[\/vc_column][vc_column bg_color=&#8221;rgba(199,131,70,0.25)&#8221; column_center=&#8221;true&#8221; width=&#8221;1\/4&#8243;][vc_icon icon_fontawesome=&#8221;fas fa-clipboard-check&#8221; color=&#8221;black&#8221; size=&#8221;xl&#8221; align=&#8221;center&#8221;][vc_column_text]<\/p>\n<p style=\"padding: 15px;\"><strong>Paso 3:<\/strong> Repase sus resultados<\/p>\n<p>[\/vc_column_text]<div class=\"spacer\" style=\"height: 10px;\"><\/div>[\/vc_column][vc_column bg_color=&#8221;rgba(110,26,86,0.35)&#8221; column_center=&#8221;true&#8221; width=&#8221;1\/4&#8243;]<div class=\"spacer\" style=\"height: 60px;\"><\/div>[vc_icon icon_fontawesome=&#8221;fas fa-bezier-curve&#8221; color=&#8221;black&#8221; size=&#8221;xl&#8221; align=&#8221;center&#8221;]<div class=\"spacer\" style=\"height: 10px;\"><\/div>[vc_column_text]<\/p>\n<p style=\"padding: 15px;\"><strong>Paso 4:<\/strong> Identifique y priorice estrategias para mejorar el \u00e9xito de implementaci\u00f3n de su programa<\/p>\n<p>[\/vc_column_text]<div class=\"spacer\" style=\"height: 10px;\"><\/div>[\/vc_column][\/vc_row][vc_row][vc_column width=&#8221;1\/1&#8243;]<div class=\"spacer\" style=\"height: 40px;\"><\/div>[\/vc_column][\/vc_row][vc_row][vc_column width=&#8221;1\/1&#8243;][vc_btn title=&#8221;SEGIR A LA EVALUACION&#8221; style=&#8221;flat&#8221; color=&#8221;blue&#8221; size=&#8221;lg&#8221; align=&#8221;center&#8221; i_icon_fontawesome=&#8221;fas fa-pencil-alt&#8221; css_animation=&#8221;bounceIn&#8221; button_block=&#8221;true&#8221; add_icon=&#8221;true&#8221; link=&#8221;url:https%3A%2F%2Fprismtool.org%2Fes%2Fcomencemos%2Findividual-o-miembro-de-un-equipo%2F|title:Preguntas%20generales%20del%20programa|&#8221;][\/vc_column][\/vc_row][\/vc_section][vc_section][vc_row text_align=&#8221;center&#8221; top_padding=&#8221;40&#8243; bottom_padding=&#8221;40&#8243;][vc_column width=&#8221;1\/1&#8243;][vc_column_text]Se calcula que se necesitar\u00e1n <i class=\"fa fa-clock minti-icon\" style=\"color:#000000 !important; font-size: 14px; margin: 0px 0px 0px 0px\"><\/i> <span style=\"text-decoration: underline;\">30 minutos<\/span> para responder las preguntas, recibir comentarios y reflexionar sobre ellos y hacer planes sobre c\u00f3mo abordar el contexto.<br \/>\nUna vez que comience, puede <i class=\"fa fa-save minti-icon\" style=\"color:#000000 !important; font-size: 14px; margin: 0px 0px 0px 0px\"><\/i> <span style=\"text-decoration: underline;\">guardar su progreso y continuar<\/span> en otro momento con el enlace \u00fanico que le enviamos por correo electr\u00f3nico.<br \/>\nTambi\u00e9n podr\u00e1 <i class=\"fa fa-print minti-icon\" style=\"color:#000000 !important; font-size: 14px; margin: 0px 0px 0px 0px\"><\/i> <span style=\"text-decoration: underline;\">imprimir y\/o descargar<\/span> sus respuestas y resultados al final.[\/vc_column_text][\/vc_column][\/vc_row][vc_row bottom_padding=&#8221;60&#8243;][vc_column width=&#8221;1\/4&#8243;][\/vc_column][vc_column width=&#8221;1\/2&#8243;][vc_column_text]<\/p>\n<h4>Vea nuestro video sobre c\u00f3mo comenzar<\/h4>\n<p>[\/vc_column_text]<div class=\"spacer\" style=\"height: 20px;\"><\/div>[vc_video link=&#8221;https:\/\/youtu.be\/WRhiTl3LD8E&#8221; align=&#8221;center&#8221;][\/vc_column][vc_column width=&#8221;1\/4&#8243;][\/vc_column][\/vc_row][\/vc_section]<\/p>\n<\/div>","protected":false},"excerpt":{"rendered":"<p>[vc_section full_width=&#8221;stretch_row&#8221;][vc_row bottom_padding=&#8221;30&#8243;][vc_column width=&#8221;1\/1&#8243;][vc_column_text] 4 pasos para completar la herramienta de evaluaci\u00f3n PRISM [\/vc_column_text][\/vc_column][\/vc_row][vc_row][vc_column bg_color=&#8221;rgba(27,75,112,0.25)&#8221; column_center=&#8221;true&#8221; width=&#8221;1\/4&#8243;][vc_icon icon_fontawesome=&#8221;fas fa-users-cog&#8221; color=&#8221;black&#8221; size=&#8221;xl&#8221; align=&#8221;center&#8221;][vc_column_text] Paso 1: Indique si est\u00e1 completando de manera individual o como miembro de un equipo [\/vc_column_text][\/vc_column][vc_column bg_color=&#8221;rgba(51,112,55,0.25)&#8221; column_center=&#8221;true&#8221; width=&#8221;1\/4&#8243;][vc_icon icon_fontawesome=&#8221;fas fa-question&#8221; color=&#8221;black&#8221; size=&#8221;xl&#8221; align=&#8221;center&#8221;][vc_column_text] Paso 2: Responda algunas preguntas acerca de su programa [\/vc_column_text][\/vc_column][vc_column bg_color=&#8221;rgba(199,131,70,0.25)&#8221; column_center=&#8221;true&#8221; width=&#8221;1\/4&#8243;][vc_icon icon_fontawesome=&#8221;fas fa-clipboard-check&#8221; color=&#8221;black&#8221; size=&#8221;xl&#8221; align=&#8221;center&#8221;][vc_column_text] Paso 3: Repase sus resultados [\/vc_column_text][\/vc_column][vc_column bg_color=&#8221;rgba(110,26,86,0.35)&#8221; column_center=&#8221;true&#8221; width=&#8221;1\/4&#8243;][vc_icon icon_fontawesome=&#8221;fas fa-bezier-curve&#8221; color=&#8221;black&#8221; size=&#8221;xl&#8221; align=&#8221;center&#8221;][vc_column_text] Paso 4: Identifique y priorice estrategias para mejorar el \u00e9xito de implementaci\u00f3n de su programa [\/vc_column_text][\/vc_column][\/vc_row][vc_row][vc_column width=&#8221;1\/1&#8243;][\/vc_column][\/vc_row][vc_row][vc_column width=&#8221;1\/1&#8243;][vc_btn title=&#8221;SEGIR A LA EVALUACION&#8221; style=&#8221;flat&#8221; color=&#8221;blue&#8221; size=&#8221;lg&#8221; align=&#8221;center&#8221; i_icon_fontawesome=&#8221;fas fa-pencil-alt&#8221; css_animation=&#8221;bounceIn&#8221; button_block=&#8221;true&#8221; add_icon=&#8221;true&#8221; link=&#8221;url:https%3A%2F%2Fprismtool.org%2Fes%2Fcomencemos%2Findividual-o-miembro-de-un-equipo%2F|title:Preguntas%20generales%20del%20programa|&#8221;][\/vc_column][\/vc_row][\/vc_section][vc_section][vc_row text_align=&#8221;center&#8221; top_padding=&#8221;40&#8243; bottom_padding=&#8221;40&#8243;][vc_column width=&#8221;1\/1&#8243;][vc_column_text]Se calcula que se necesitar\u00e1n 30 minutos para responder las preguntas, recibir comentarios y reflexionar sobre ellos y hacer planes sobre c\u00f3mo abordar el contexto. Una vez que comience, puede guardar su progreso y continuar en otro momento con el enlace \u00fanico que le enviamos por correo electr\u00f3nico. Tambi\u00e9n podr\u00e1 imprimir y\/o descargar sus respuestas y resultados al final.[\/vc_column_text][\/vc_column][\/vc_row][vc_row bottom_padding=&#8221;60&#8243;][vc_column width=&#8221;1\/4&#8243;][\/vc_column][vc_column width=&#8221;1\/2&#8243;][vc_column_text] Vea nuestro video sobre c\u00f3mo comenzar [\/vc_column_text][vc_video link=&#8221;https:\/\/youtu.be\/WRhiTl3LD8E&#8221; align=&#8221;center&#8221;][\/vc_column][vc_column width=&#8221;1\/4&#8243;][\/vc_column][\/vc_row][\/vc_section]<\/p>\n","protected":false},"author":5,"featured_media":0,"parent":0,"menu_order":0,"comment_status":"closed","ping_status":"closed","template":"","meta":{"_acf_changed":false,"_lmt_disableupdate":"no","_lmt_disable":"","footnotes":""},"class_list":["post-745","page","type-page","status-publish","hentry"],"acf":[],"_links":{"self":[{"href":"https:\/\/prismtool.org\/es\/wp-json\/wp\/v2\/pages\/745","targetHints":{"allow":["GET"]}}],"collection":[{"href":"https:\/\/prismtool.org\/es\/wp-json\/wp\/v2\/pages"}],"about":[{"href":"https:\/\/prismtool.org\/es\/wp-json\/wp\/v2\/types\/page"}],"author":[{"embeddable":true,"href":"https:\/\/prismtool.org\/es\/wp-json\/wp\/v2\/users\/5"}],"replies":[{"embeddable":true,"href":"https:\/\/prismtool.org\/es\/wp-json\/wp\/v2\/comments?post=745"}],"version-history":[{"count":5,"href":"https:\/\/prismtool.org\/es\/wp-json\/wp\/v2\/pages\/745\/revisions"}],"predecessor-version":[{"id":750,"href":"https:\/\/prismtool.org\/es\/wp-json\/wp\/v2\/pages\/745\/revisions\/750"}],"wp:attachment":[{"href":"https:\/\/prismtool.org\/es\/wp-json\/wp\/v2\/media?parent=745"}],"curies":[{"name":"wp","href":"https:\/\/api.w.org\/{rel}","templated":true}]}}