{"id":762,"date":"2023-04-20T13:15:48","date_gmt":"2023-04-20T19:15:48","guid":{"rendered":"https:\/\/prismtool.org\/home-page-2\/"},"modified":"2023-07-25T11:20:14","modified_gmt":"2023-07-25T17:20:14","slug":"home-page-2","status":"publish","type":"page","link":"https:\/\/prismtool.org\/es\/","title":{"rendered":"Home Page"},"content":{"rendered":"<div class=\"wpb-content-wrapper\"><p>[vc_section full_width=&#8221;stretch_row&#8221; content_placement=&#8221;top&#8221; css=&#8221;.vc_custom_1651853696188{background-color: #e5d6b6 !important;}&#8221; el_id=&#8221;heroSection&#8221;][vc_row type=&#8221;full_width_section&#8221;][vc_column width=&#8221;1\/1&#8243;]\n\t\t\t<!-- START Home Page REVOLUTION SLIDER 6.7.37 --><p class=\"rs-p-wp-fix\"><\/p>\n\t\t\t<rs-module-wrap id=\"rev_slider_2_1_wrapper\" data-source=\"gallery\" style=\"visibility:hidden;background:transparent;padding:0;margin:0px auto;margin-top:0;margin-bottom:0;\">\n\t\t\t\t<rs-module id=\"rev_slider_2_1\" style=\"\" data-version=\"6.7.37\">\n\t\t\t\t\t<rs-slides style=\"overflow: hidden; position: absolute;\">\n\t\t\t\t\t\t<rs-slide style=\"position: absolute;\" data-key=\"rs-16\" data-title=\"Spanish\" data-anim=\"adpr:false;\" data-in=\"o:0;\" data-out=\"a:false;\">\n\t\t\t\t\t\t\t<img decoding=\"async\" src=\"\/\/prismtool.org\/wp-content\/plugins\/revslider\/sr6\/assets\/assets\/dummy.png\" alt=\"Spanish\" title=\"Home Page\" class=\"rev-slidebg tp-rs-img rs-lazyload\" data-lazyload=\"\/\/prismtool.org\/wp-content\/plugins\/revslider\/sr6\/assets\/assets\/transparent.png\" data-bg=\"c:#e5d6b7;\" data-no-retina>\n<!--\n\t\t\t\t\t\t\t--><rs-layer\n\t\t\t\t\t\t\t\tid=\"slider-2-slide-16-layer-0\" \n\t\t\t\t\t\t\t\tdata-type=\"image\"\n\t\t\t\t\t\t\t\tdata-rsp_ch=\"on\"\n\t\t\t\t\t\t\t\tdata-xy=\"x:r;y:b;yo:6px;\"\n\t\t\t\t\t\t\t\tdata-text=\"w:normal;\"\n\t\t\t\t\t\t\t\tdata-dim=\"w:915px;h:243px;\"\n\t\t\t\t\t\t\t\tdata-frame_0=\"x:right;\"\n\t\t\t\t\t\t\t\tdata-frame_1=\"st:270;sp:1000;sR:270;\"\n\t\t\t\t\t\t\t\tdata-frame_999=\"o:0;st:w;sR:7730;\"\n\t\t\t\t\t\t\t\tstyle=\"z-index:8;\"\n\t\t\t\t\t\t\t><img decoding=\"async\" src=\"\/\/prismtool.org\/wp-content\/plugins\/revslider\/sr6\/assets\/assets\/dummy.png\" alt=\"\" class=\"tp-rs-img rs-lazyload\" width=\"2021\" height=\"537\" data-lazyload=\"\/\/prismtool.org\/wp-content\/uploads\/2022\/05\/hero-image-4.png\" data-no-retina> \n\t\t\t\t\t\t\t<\/rs-layer><!--\n\n\t\t\t\t\t\t\t--><rs-layer\n\t\t\t\t\t\t\t\tid=\"slider-2-slide-16-layer-1\" \n\t\t\t\t\t\t\t\tdata-type=\"text\"\n\t\t\t\t\t\t\t\tdata-color=\"#000000\"\n\t\t\t\t\t\t\t\tdata-rsp_ch=\"on\"\n\t\t\t\t\t\t\t\tdata-xy=\"x:31px;y:29px;\"\n\t\t\t\t\t\t\t\tdata-text=\"w:normal;s:30;l:30;fw:700;a:inherit;\"\n\t\t\t\t\t\t\t\tdata-dim=\"w:40%;\"\n\t\t\t\t\t\t\t\tdata-frame_0=\"x:-50;\"\n\t\t\t\t\t\t\t\tdata-frame_1=\"st:480;sp:1000;sR:480;\"\n\t\t\t\t\t\t\t\tdata-frame_999=\"o:0;st:w;sR:7520;\"\n\t\t\t\t\t\t\t\tstyle=\"z-index:9;font-family:'IBM Plex Sans';\"\n\t\t\t\t\t\t\t>iPRISM Webtool \n\t\t\t\t\t\t\t<\/rs-layer><!--\n\n\t\t\t\t\t\t\t--><rs-layer\n\t\t\t\t\t\t\t\tid=\"slider-2-slide-16-layer-4\" \n\t\t\t\t\t\t\t\tdata-type=\"text\"\n\t\t\t\t\t\t\t\tdata-color=\"#000000\"\n\t\t\t\t\t\t\t\tdata-rsp_ch=\"on\"\n\t\t\t\t\t\t\t\tdata-xy=\"x:59px;y:89px;\"\n\t\t\t\t\t\t\t\tdata-text=\"w:normal;s:19;a:inherit;\"\n\t\t\t\t\t\t\t\tdata-dim=\"w:640px;\"\n\t\t\t\t\t\t\t\tdata-frame_0=\"x:-50;\"\n\t\t\t\t\t\t\t\tdata-frame_1=\"st:480;sp:1000;sR:480;\"\n\t\t\t\t\t\t\t\tdata-frame_999=\"o:0;st:w;sR:7520;\"\n\t\t\t\t\t\t\t\tstyle=\"z-index:10;font-family:'IBM Plex Sans';\"\n\t\t\t\t\t\t\t>Un enfoque innovador para aplicar iterativamente un marco de ciencia de implementaci\u00f3n a lo largo de la vida \u00fatil de un proyecto.<br \/>\n<br \/>\nLa herramienta web gu\u00eda a individuos y equipos a elegir estrategias y hacer adaptaciones de manera sistem\u00e1tica, alineadas con el contexto de su proyecto. \n\t\t\t\t\t\t\t<\/rs-layer><!--\n-->\t\t\t\t\t<\/rs-slide>\n\t\t\t\t\t<\/rs-slides>\n\t\t\t\t<\/rs-module>\n\t\t\t\t<script>\n\t\t\t\t\tsetREVStartSize({c: 'rev_slider_2_1',rl:[1240,1024,778,480],el:[250],gw:[1240],gh:[250],type:'standard',justify:'',layout:'fullwidth',mh:\"0\"});if (window.RS_MODULES!==undefined && window.RS_MODULES.modules!==undefined && window.RS_MODULES.modules[\"revslider21\"]!==undefined) {window.RS_MODULES.modules[\"revslider21\"].once = false;window.revapi2 = undefined;if (window.RS_MODULES.checkMinimal!==undefined) window.RS_MODULES.checkMinimal()}\n\t\t\t\t<\/script>\n\t\t\t<\/rs-module-wrap>\n\t\t\t<!-- END REVOLUTION SLIDER -->\n[\/vc_column][\/vc_row][\/vc_section][vc_section full_width=&#8221;stretch_row&#8221;][vc_row][vc_column width=&#8221;1\/1&#8243;]<div class=\"spacer\" style=\"height: 20px;\"><\/div>[\/vc_column][\/vc_row][vc_row][vc_column width=&#8221;1\/2&#8243;]<div class=\"iconbox homepagebigicons wpb_content_element iconbox-style-3 icon-color-greyscale color-dark\"><i class=\"fa fa-rocket boxicon\" style=\"\"><\/i><h3>Start HERE<\/h3><p><\/p><\/div>[vc_tta_accordion c_align=&#8221;center&#8221; active_section=&#8221;0&#8243; css_animation=&#8221;none&#8221; collapsible_all=&#8221;true&#8221; el_id=&#8221;home-accordion-left&#8221; el_class=&#8221;home-accordion&#8221;][vc_tta_section title=&#8221;Consejos r\u00e1pidos para empezar&#8221; tab_id=&#8221;1682015815363-ca915718-5f44&#8243;][vc_column_text]Le <strong>SUGERIMOS ENCARECIDAMENTE<\/strong> que revise nuestra <a href=\"https:\/\/prismtool.org\/wp-content\/uploads\/2023\/02\/Quick-Start-Guide-to-Using-the-iPRISM-Webtool-V3.pdf\">Gu\u00eda de inicio r\u00e1pido<\/a> antes de comenzar a usar la herramienta web.<\/p>\n<p>Si es el l\u00edder de un equipo, revise <a href=\"https:\/\/prismtool.org\/wp-content\/uploads\/2023\/02\/iPRISM-facilitator-tips-V4.pdf\">los Consejos para el facilitador<\/a> <strong>ANTES<\/strong> de involucrar a su equipo y completar la herramienta web.<\/p>\n<p>La herramienta web est\u00e1 dise\u00f1ada para ser utilizada individualmente o en equipo. Los equipos pueden completar los elementos de la herramienta web juntos o de forma as\u00edncrona, aunque <strong>SUGERIMOS<\/strong> completarlos de forma as\u00edncrona para permitir que cada miembro del equipo tenga la oportunidad de calificar los elementos desde su perspectiva \u00fanica. La discusi\u00f3n que sigue a las clasificaciones determinar\u00e1 la direcci\u00f3n final del equipo.[\/vc_column_text][\/vc_tta_section][\/vc_tta_accordion][\/vc_column][vc_column width=&#8221;1\/2&#8243;]<div class=\"iconbox homepagebigicons wpb_content_element iconbox-style-3 icon-color-greyscale color-dark\"><i class=\"fa fa-map-o boxicon\" style=\"\"><\/i><h3>What to expect<\/h3><p><\/p><\/div>[vc_tta_accordion c_align=&#8221;center&#8221; active_section=&#8221;0&#8243; collapsible_all=&#8221;true&#8221; el_id=&#8221;home-accordion-right&#8221; el_class=&#8221;home-accordion&#8221;][vc_tta_section title=&#8221;Mas detalle&#8221; tab_id=&#8221;1682016192505-de2ae315-2918&#8243;][vc_column_text]<\/p>\n<p style=\"text-align: left;\">Al responder una serie de preguntas, esta herramienta le gu\u00eda para identificar estrategias para optimizar la adecuaci\u00f3n de su programa con su contexto<\/p>\n<p style=\"text-align: left;\">Al final se le proporcionar\u00e1 un informe personalizado con sus respuestas y un plan de acci\u00f3n para fortalecer su programa<\/p>\n<p style=\"text-align: left;\">Los datos ingresados \u200b\u200bsolo se compartir\u00e1n con socios confiables y el equipo de desarrollo de iPRISM para mejorar la experiencia del usuario<\/p>\n<p>[\/vc_column_text][\/vc_tta_section][\/vc_tta_accordion][\/vc_column][\/vc_row][vc_row][vc_column width=&#8221;1\/1&#8243;]<div class=\"spacer\" style=\"height: 20px;\"><\/div>[\/vc_column][\/vc_row][vc_row type=&#8221;full_width_section&#8221; top_padding=&#8221;30&#8243; bottom_padding=&#8221;30&#8243;][vc_column animation=&#8221;fade-in-from-left&#8221; bg_color=&#8221;rgba(9,58,114,0.14)&#8221; column_padding=&#8221;custom-padding&#8221; column_custompadding=&#8221;0px 30px 0px 30px&#8221; column_center=&#8221;true&#8221; width=&#8221;1\/2&#8243; delay=&#8221;40&#8243;][vc_column_text]<\/p>\n<h2 style=\"text-align: center;\">PRISM (Modelo Pragm\u00e1tico y Robusto de Implementaci\u00f3n y Sostenibilidad)<\/h2>\n<p>[\/vc_column_text]<div class=\"spacer\" style=\"height: 20px;\"><\/div><div class=\"single_image wpb_content_element align-center    \" data-animation=\"none\" data-delay=\"0\"><a href=\"https:\/\/prismtool.org\/wp-content\/uploads\/2023\/04\/PRISM-figure.png\" class=\"prettyPhoto\" rel=\"prettyPhoto[image]\"><img loading=\"lazy\" decoding=\"async\" width=\"1455\" height=\"512\" src=\"https:\/\/prismtool.org\/wp-content\/uploads\/2023\/04\/PRISM-figure.png\" class=\"attachment-full\" alt=\"PRISM figure\" title=\"PRISM figure\" \/><\/a><\/div><div class=\"spacer\" style=\"height: 40px;\"><\/div>[\/vc_column][vc_column animation=&#8221;fade-in-from-right&#8221; bg_color=&#8221;rgba(229,214,183,0.37)&#8221; column_padding=&#8221;padding-1&#8243; column_center=&#8221;true&#8221; width=&#8221;1\/2&#8243; delay=&#8221;40&#8243;][vc_column_text]<\/p>\n<p style=\"text-align: center;\">Use esta herramienta de forma iterativa para evaluar el contexto y la adecuaci\u00f3n de su programa durante la planificaci\u00f3n, implementaci\u00f3n y mantenimiento en entornos del mundo real.<\/p>\n<p>[\/vc_column_text]<div class=\"spacer\" style=\"height: 20px;\"><\/div>[vc_btn title=&#8221;ACCEDA AL iPRISM WEBTOOL AQU\u00cd&#8221; style=&#8221;flat&#8221; color=&#8221;blue&#8221; size=&#8221;lg&#8221; align=&#8221;center&#8221; i_icon_fontawesome=&#8221;fas fa-space-shuttle&#8221; button_block=&#8221;true&#8221; add_icon=&#8221;true&#8221; link=&#8221;url:https%3A%2F%2Fprismtool.org%2Fes%2Fcomencemos%2F|title:4%20Pasos|&#8221;][vc_column_text]<\/p>\n<p style=\"text-align: center;\">Puede elegir completar esto como individuo, como equipo o reunirse como equipo despu\u00e9s de completar individualmente la herramienta para comparar y discutir<\/p>\n<p>[\/vc_column_text][\/vc_column][\/vc_row][vc_row][vc_column width=&#8221;1\/1&#8243;]<div class=\"spacer\" style=\"height: 20px;\"><\/div>[\/vc_column][\/vc_row][vc_row][vc_column width=&#8221;1\/1&#8243;][vc_column_text]<\/p>\n<p style=\"text-align: center;\"><a href=\"https:\/\/prismtool.org\/wp-content\/uploads\/2023\/02\/Quick-Start-Guide-to-Using-the-iPRISM-Webtool-V3.pdf\">Gu\u00eda de inicio r\u00e1pido<\/a><\/p>\n<p>[\/vc_column_text]<div class=\"spacer\" style=\"height: 10px;\"><\/div>[vc_column_text]<\/p>\n<p style=\"text-align: center;\"><a href=\"https:\/\/prismtool.org\/wp-content\/uploads\/2023\/02\/iPRISM-facilitator-tips-V4.pdf\">Consejos del facilitador para equipos<\/a><\/p>\n<p>[\/vc_column_text]<div class=\"spacer\" style=\"height: 10px;\"><\/div>[vc_column_text]<\/p>\n<p style=\"text-align: center;\"><a href=\"https:\/\/prismtool.org\/es\/acerca-del-iprism-webtool\/\">M\u00e1s informaci\u00f3n sobre el iPRISM Webtool<\/a><\/p>\n<p>[\/vc_column_text]<div class=\"spacer\" style=\"height: 10px;\"><\/div>[vc_column_text]<\/p>\n<p style=\"text-align: center;\"><a href=\"https:\/\/re-aim.org\/learn\/prism\/\" target=\"_blank\" rel=\"noopener\">M\u00e1s informaci\u00f3n sobre PRISM<\/a><\/p>\n<p>[\/vc_column_text]<div class=\"spacer\" style=\"height: 20px;\"><\/div>[vc_column_text]<\/p>\n<p style=\"text-align: center;\"><i class=\"fa fa-line-chart minti-icon\" style=\"color:#000000 !important; font-size: 24px; margin: 0px 0px 0px 0px\"><\/i> \u00a1Apreciar\u00edamos mucho <a href=\"https:\/\/ucdenver.co1.qualtrics.com\/jfe\/form\/SV_7ZYAf8Fj4RokLAi\" target=\"_blank\" rel=\"noopener\"><strong>sus comentarios<\/strong><\/a>, una vez completada, para mejorar esta herramienta para futuros usuarios (y con suerte USTED cuando la use iterativamente)!<\/p>\n<p>[\/vc_column_text][\/vc_column][\/vc_row][\/vc_section]<\/p>\n<\/div>","protected":false},"excerpt":{"rendered":"<p>[vc_section full_width=&#8221;stretch_row&#8221; content_placement=&#8221;top&#8221; css=&#8221;.vc_custom_1651853696188{background-color: #e5d6b6 !important;}&#8221; el_id=&#8221;heroSection&#8221;][vc_row type=&#8221;full_width_section&#8221;][vc_column width=&#8221;1\/1&#8243;][\/vc_column][\/vc_row][\/vc_section][vc_section full_width=&#8221;stretch_row&#8221;][vc_row][vc_column width=&#8221;1\/1&#8243;][\/vc_column][\/vc_row][vc_row][vc_column width=&#8221;1\/2&#8243;][vc_tta_accordion c_align=&#8221;center&#8221; active_section=&#8221;0&#8243; css_animation=&#8221;none&#8221; collapsible_all=&#8221;true&#8221; el_id=&#8221;home-accordion-left&#8221; el_class=&#8221;home-accordion&#8221;][vc_tta_section title=&#8221;Consejos r\u00e1pidos para empezar&#8221; tab_id=&#8221;1682015815363-ca915718-5f44&#8243;][vc_column_text]Le SUGERIMOS ENCARECIDAMENTE que revise nuestra Gu\u00eda de inicio r\u00e1pido antes de comenzar a usar la herramienta web. Si es el l\u00edder de un equipo, revise los Consejos para el facilitador ANTES de involucrar a su equipo y completar la herramienta web. La herramienta web est\u00e1 dise\u00f1ada para ser utilizada individualmente o en equipo. Los equipos pueden completar los elementos de la herramienta web juntos o de forma as\u00edncrona, aunque SUGERIMOS completarlos de forma as\u00edncrona para permitir que cada miembro del equipo tenga la oportunidad de calificar los elementos desde su perspectiva \u00fanica. La discusi\u00f3n que sigue a las clasificaciones determinar\u00e1 la direcci\u00f3n final del equipo.[\/vc_column_text][\/vc_tta_section][\/vc_tta_accordion][\/vc_column][vc_column width=&#8221;1\/2&#8243;][vc_tta_accordion c_align=&#8221;center&#8221; active_section=&#8221;0&#8243; collapsible_all=&#8221;true&#8221; el_id=&#8221;home-accordion-right&#8221; el_class=&#8221;home-accordion&#8221;][vc_tta_section title=&#8221;Mas detalle&#8221; tab_id=&#8221;1682016192505-de2ae315-2918&#8243;][vc_column_text] Al responder una serie de preguntas, esta herramienta le gu\u00eda para identificar estrategias para optimizar la adecuaci\u00f3n de su programa con su contexto Al final se le proporcionar\u00e1 un informe personalizado con sus respuestas y un plan de acci\u00f3n para fortalecer su programa Los datos ingresados \u200b\u200bsolo se compartir\u00e1n con socios confiables y el equipo de desarrollo de iPRISM para mejorar la experiencia [&hellip;]<\/p>\n","protected":false},"author":5,"featured_media":0,"parent":0,"menu_order":0,"comment_status":"closed","ping_status":"closed","template":"","meta":{"_acf_changed":false,"_lmt_disableupdate":"no","_lmt_disable":"","footnotes":""},"class_list":["post-762","page","type-page","status-publish","hentry"],"acf":[],"_links":{"self":[{"href":"https:\/\/prismtool.org\/es\/wp-json\/wp\/v2\/pages\/762","targetHints":{"allow":["GET"]}}],"collection":[{"href":"https:\/\/prismtool.org\/es\/wp-json\/wp\/v2\/pages"}],"about":[{"href":"https:\/\/prismtool.org\/es\/wp-json\/wp\/v2\/types\/page"}],"author":[{"embeddable":true,"href":"https:\/\/prismtool.org\/es\/wp-json\/wp\/v2\/users\/5"}],"replies":[{"embeddable":true,"href":"https:\/\/prismtool.org\/es\/wp-json\/wp\/v2\/comments?post=762"}],"version-history":[{"count":12,"href":"https:\/\/prismtool.org\/es\/wp-json\/wp\/v2\/pages\/762\/revisions"}],"predecessor-version":[{"id":791,"href":"https:\/\/prismtool.org\/es\/wp-json\/wp\/v2\/pages\/762\/revisions\/791"}],"wp:attachment":[{"href":"https:\/\/prismtool.org\/es\/wp-json\/wp\/v2\/media?parent=762"}],"curies":[{"name":"wp","href":"https:\/\/api.w.org\/{rel}","templated":true}]}}